{"id":2902,"date":"2022-02-16T14:43:40","date_gmt":"2022-02-16T14:43:40","guid":{"rendered":"https:\/\/www.camping-des-tourbieres.com\/mentions-legales\/"},"modified":"2024-02-20T15:41:20","modified_gmt":"2024-02-20T15:41:20","slug":"juridische-kennisgeving","status":"publish","type":"page","link":"https:\/\/www.camping-des-tourbieres.com\/nl\/juridische-kennisgeving\/","title":{"rendered":"Juridische kennisgeving"},"content":{"rendered":"<h1>Mentions l\u00e9gales<\/h1>\n<h2>PUBLIEFER<\/h2>\n<div>\n<p>SAS des Tourbi\u00e8res<\/p>\n<p>Locatie Le Petit Lyon 24320 VENDOIRE<\/p>\n<p>Naamloze vennootschap met kapitaal van \u20ac 1.000,00<br \/>SIRET 90265146200019<br \/>BTW Intracommunautair FR63902651462<\/p>\n<p>Directeur van publicatie: Fannie PLANTARD<br \/>E-mail: contact@camping-petit-lion.com<br \/>Tel. 05.53.91.00.74<\/p>\n<\/div>\n<h2>ACCOMMODATIE<\/h2>\n<div>\n<p>Deze site wordt gehost door OVH \u2013 2 rue Kellermann \u2013 59100 Roubaix \u2013 Frankrijk<\/p>\n<\/div>\n<h2>ONTWERP EN UITVOERING<\/h2>\n<div>\n<p>DBCOM Agency<br \/>10 Place L\u00e9on Meyer<br \/>76600 Le Havre<\/p>\n<p>RCS Le Havre 430023101<br \/>Managers: Eric Bidault en David Mabille<\/p>\n<p>Tel. 02 35 41 54 43<\/p>\n<\/div>\n<h2>VERWERKING VAN PERSOONLIJKE GEGEVENS<\/h2>\n<div>\n<p>Overeenkomstig wet nr. 78-17 van 6 januari 1978 inzake informatietechnologie, bestanden en vrijheden, moet deze site voldoen aan de vereisten van de CNIL: deze verplichtingen zijn nu ontwikkeld om te voldoen aan Reglement nr. 2016\/679, bekend als de Algemene Verordening Gegevensbescherming (AVG), aangenomen door het Europees Parlement op 14 april 2016 en in werking getreden op 25 mei 2018.<\/p>\n<p>Digitale gegevens worden beschermd op beveiligde servers en er wordt regelmatig een back-up van gemaakt: de belanghebbenden en de technische omgeving van de site respecteren het gegevensbeveiligingsbeleid in termen van vertrouwelijkheid, integriteit, beschikbaarheid en veerkracht van informatiesystemen en verwerkingsdiensten.<\/p>\n<p>Statistische informatie of persoonsgegevens die via onze contactformulieren worden verzameld, worden alleen gebruikt om vragen van internetgebruikers te informeren en te beantwoorden.<\/p>\n<p>Persoonlijke informatie wordt niet overgedragen aan derden of gebruikt buiten de Europese Unie. We slaan uw gegevens 6 maanden op van het verzoek om informatie.<\/p>\n<p>Met betrekking tot deze gegevens heeft u het recht op toegang, rectificatie, verwijdering, overdracht en beperking van het gebruik van uw gegevens. Als u een van deze rechten wilt uitoefenen (om legitieme redenen), neem dan contact met ons op via de volgende contactgegevens:<\/p>\n<p>BOG SAS<br \/>Locatie Le Petit Lyon 24320 VENDOIRE<\/p>\n<p>E-mail: <a href=\"mailto:contact@camping-petit-lion.com\">contact@camping-petit-lion.com<\/a><\/p>\n<\/div>\n<p><!--more--><br \/>\n<!-- {\"type\":\"layout\",\"children\":[{\"type\":\"section\",\"props\":{\"image_position\":\"center-center\",\"style\":\"default\",\"title_breakpoint\":\"xl\",\"title_position\":\"top-left\",\"title_rotation\":\"left\",\"vertical_align\":\"middle\",\"width\":\"default\"},\"children\":[{\"type\":\"row\",\"children\":[{\"type\":\"column\",\"props\":{\"image_position\":\"center-center\",\"position_sticky_breakpoint\":\"m\"},\"children\":[{\"type\":\"headline\",\"props\":{\"content\":\"Mentions l\\u00e9gales\",\"title_element\":\"h1\"}}]}]}]},{\"type\":\"section\",\"props\":{\"image_position\":\"center-center\",\"padding_remove_top\":false,\"style\":\"default\",\"title_breakpoint\":\"xl\",\"title_position\":\"top-left\",\"title_rotation\":\"left\",\"vertical_align\":\"middle\",\"width\":\"default\"},\"children\":[{\"type\":\"row\",\"props\":{\"row_gap\":\"large\"},\"children\":[{\"type\":\"column\",\"props\":{\"image_position\":\"center-center\",\"position_sticky_breakpoint\":\"m\"},\"children\":[{\"type\":\"headline\",\"props\":{\"content\":\"PUBLIEFER\",\"title_element\":\"h2\"}},{\"type\":\"text\",\"props\":{\"column_breakpoint\":\"m\",\"content\":\"\n\n<p>SAS des Tourbi\\u00e8res<\\\/p>\\n\n\n<p>Locatie Le Petit Lyon 24320 VENDOIRE<\\\/p>\\n\n\n<p>Naamloze vennootschap met kapitaal van \\u20ac 1.000,00<br \\\/>SIRET 90265146200019<br \\\/>BTW Intracommunautair FR63902651462<\\\/p>\\n\n\n<p>Directeur van publicatie: Fannie PLANTARD<br \\\/>E-mail: contact@camping-petit-lion.com<br \\\/>Tel. 05.53.91.00.74<\\\/p>\",\"margin\":\"default\"}}]}]},{\"type\":\"row\",\"props\":{\"row_gap\":\"large\"},\"children\":[{\"type\":\"column\",\"props\":{\"image_position\":\"center-center\",\"position_sticky_breakpoint\":\"m\"},\"children\":[{\"type\":\"headline\",\"props\":{\"content\":\"ACCOMMODATIE\",\"title_element\":\"h2\"}},{\"type\":\"text\",\"props\":{\"column_breakpoint\":\"m\",\"content\":\"\n\n<p>Deze site wordt gehost door OVH \\u2013 2 rue Kellermann \\u2013 59100 Roubaix \\u2013 Frankrijk<\\\/p>\",\"margin\":\"default\"}}]}]},{\"type\":\"row\",\"props\":{\"row_gap\":\"large\"},\"children\":[{\"type\":\"column\",\"props\":{\"image_position\":\"center-center\",\"position_sticky_breakpoint\":\"m\"},\"children\":[{\"type\":\"headline\",\"props\":{\"content\":\"ONTWERP EN UITVOERING\",\"title_element\":\"h2\"}},{\"type\":\"text\",\"props\":{\"column_breakpoint\":\"m\",\"content\":\"\n\n<p>DBCOM Agency<br \\\/>10 Place L\\u00e9on Meyer<br \\\/>76600 Le Havre<\\\/p>\\n\n\n<p>RCS Le Havre 430023101<br \\\/>Managers: Eric Bidault en David Mabille<\\\/p>\\n\n\n<p>Tel. 02 35 41 54 43<\\\/p>\",\"margin\":\"default\"}}]}]},{\"type\":\"row\",\"props\":{\"row_gap\":\"large\"},\"children\":[{\"type\":\"column\",\"props\":{\"image_position\":\"center-center\",\"position_sticky_breakpoint\":\"m\"}}]},{\"type\":\"row\",\"props\":{\"row_gap\":\"large\"},\"children\":[{\"type\":\"column\",\"props\":{\"image_position\":\"center-center\",\"position_sticky_breakpoint\":\"m\"},\"children\":[{\"type\":\"headline\",\"props\":{\"content\":\"VERWERKING VAN PERSOONLIJKE GEGEVENS\",\"title_element\":\"h2\"}},{\"type\":\"text\",\"props\":{\"column_breakpoint\":\"m\",\"content\":\"\n\n<p>Overeenkomstig wet nr. 78-17 van 6 januari 1978 inzake informatietechnologie, bestanden en vrijheden, moet deze site voldoen aan de vereisten van de CNIL: deze verplichtingen zijn nu ontwikkeld om te voldoen aan Reglement nr. 2016\\\/679, bekend als de Algemene Verordening Gegevensbescherming (AVG), aangenomen door het Europees Parlement op 14 april 2016 en in werking getreden op 25 mei 2018.<\\\/p>\\n\n\n<p>Digitale gegevens worden beschermd op beveiligde servers en er wordt regelmatig een back-up van gemaakt: de belanghebbenden en de technische omgeving van de site respecteren het gegevensbeveiligingsbeleid in termen van vertrouwelijkheid, integriteit, beschikbaarheid en veerkracht van informatiesystemen en verwerkingsdiensten.<\\\/p>\\n\n\n<p>Statistische informatie of persoonsgegevens die via onze contactformulieren worden verzameld, worden alleen gebruikt om vragen van internetgebruikers te informeren en te beantwoorden.<\\\/p>\\n\n\n<p>Persoonlijke informatie wordt niet overgedragen aan derden of gebruikt buiten de Europese Unie. We slaan uw gegevens 6 maanden op van het verzoek om informatie.<\\\/p>\\n\n\n<p>Met betrekking tot deze gegevens heeft u het recht op toegang, rectificatie, verwijdering, overdracht en beperking van het gebruik van uw gegevens. Als u een van deze rechten wilt uitoefenen (om legitieme redenen), neem dan contact met ons op via de volgende contactgegevens:<\\\/p>\\n\n\n<p>BOG SAS<br \\\/>Locatie Le Petit Lyon 24320 VENDOIRE<\\\/p>\\n\n\n<p>E-mail: <a href=\\\"mailto:contact@camping-petit-lion.com\\\">contact@camping-petit-lion.com<\\\/a><\\\/p>\",\"margin\":\"default\"}}]}]}]}],\"version\":\"4.3.0\"} --><\/p>\n","protected":false},"excerpt":{"rendered":"<p>Mentions l\u00e9gales PUBLIEFER SAS des Tourbi\u00e8res Locatie Le Petit Lyon 24320 VENDOIRE Naamloze vennootschap met kapitaal van \u20ac 1.000,00SIRET 90265146200019BTW Intracommunautair FR63902651462 Directeur van publicatie: Fannie PLANTARDE-mail: contact@camping-petit-lion.comTel. 05.53.91.00.74 ACCOMMODATIE Deze site wordt gehost door OVH \u2013 2 rue Kellermann \u2013 59100 Roubaix \u2013 Frankrijk ONTWERP EN UITVOERING DBCOM Agency10 Place L\u00e9on Meyer76600 Le Havre [&hellip;]<\/p>\n","protected":false},"author":1,"featured_media":0,"parent":0,"menu_order":0,"comment_status":"closed","ping_status":"closed","template":"","meta":{"footnotes":""},"class_list":["post-2902","page","type-page","status-publish","hentry"],"yoast_head":"<!-- This site is optimized with the Yoast SEO plugin v27.6 - https:\/\/yoast.com\/product\/yoast-seo-wordpress\/ -->\n<title>Juridische kennisgeving - Camping des Tourbi\u00e8res<\/title>\n<meta name=\"robots\" content=\"index, follow, max-snippet:-1, max-image-preview:large, max-video-preview:-1\" \/>\n<link rel=\"canonical\" href=\"https:\/\/www.camping-des-tourbieres.com\/nl\/juridische-kennisgeving\/\" \/>\n<meta property=\"og:locale\" content=\"nl_NL\" \/>\n<meta property=\"og:type\" content=\"article\" \/>\n<meta property=\"og:title\" content=\"Juridische kennisgeving - Camping des Tourbi\u00e8res\" \/>\n<meta property=\"og:description\" content=\"Mentions l\u00e9gales PUBLIEFER SAS des Tourbi\u00e8res Locatie Le Petit Lyon 24320 VENDOIRE Naamloze vennootschap met kapitaal van \u20ac 1.000,00SIRET 90265146200019BTW Intracommunautair FR63902651462 Directeur van publicatie: Fannie PLANTARDE-mail: contact@camping-petit-lion.comTel. 05.53.91.00.74 ACCOMMODATIE Deze site wordt gehost door OVH \u2013 2 rue Kellermann \u2013 59100 Roubaix \u2013 Frankrijk ONTWERP EN UITVOERING DBCOM Agency10 Place L\u00e9on Meyer76600 Le Havre [&hellip;]\" \/>\n<meta property=\"og:url\" content=\"https:\/\/www.camping-des-tourbieres.com\/nl\/juridische-kennisgeving\/\" \/>\n<meta property=\"og:site_name\" content=\"Camping des Tourbi\u00e8res\" \/>\n<meta property=\"article:modified_time\" content=\"2024-02-20T15:41:20+00:00\" \/>\n<meta name=\"twitter:card\" content=\"summary_large_image\" \/>\n<meta name=\"twitter:label1\" content=\"Est. reading time\" \/>\n\t<meta name=\"twitter:data1\" content=\"1 minute\" \/>\n<script type=\"application\/ld+json\" class=\"yoast-schema-graph\">{\"@context\":\"https:\\\/\\\/schema.org\",\"@graph\":[{\"@type\":\"WebPage\",\"@id\":\"https:\\\/\\\/www.camping-des-tourbieres.com\\\/nl\\\/juridische-kennisgeving\\\/\",\"url\":\"https:\\\/\\\/www.camping-des-tourbieres.com\\\/nl\\\/juridische-kennisgeving\\\/\",\"name\":\"Juridische kennisgeving - Camping des Tourbi\u00e8res\",\"isPartOf\":{\"@id\":\"https:\\\/\\\/www.camping-des-tourbieres.com\\\/nl\\\/#website\"},\"datePublished\":\"2022-02-16T14:43:40+00:00\",\"dateModified\":\"2024-02-20T15:41:20+00:00\",\"inLanguage\":\"nl-NL\",\"potentialAction\":[{\"@type\":\"ReadAction\",\"target\":[\"https:\\\/\\\/www.camping-des-tourbieres.com\\\/nl\\\/juridische-kennisgeving\\\/\"]}]},{\"@type\":\"WebSite\",\"@id\":\"https:\\\/\\\/www.camping-des-tourbieres.com\\\/nl\\\/#website\",\"url\":\"https:\\\/\\\/www.camping-des-tourbieres.com\\\/nl\\\/\",\"name\":\"Camping des Tourbi\u00e8res\",\"description\":\"\",\"potentialAction\":[{\"@type\":\"SearchAction\",\"target\":{\"@type\":\"EntryPoint\",\"urlTemplate\":\"https:\\\/\\\/www.camping-des-tourbieres.com\\\/nl\\\/?s={search_term_string}\"},\"query-input\":{\"@type\":\"PropertyValueSpecification\",\"valueRequired\":true,\"valueName\":\"search_term_string\"}}],\"inLanguage\":\"nl-NL\"}]}<\/script>\n<!-- \/ Yoast SEO plugin. -->","yoast_head_json":{"title":"Juridische kennisgeving - Camping des Tourbi\u00e8res","robots":{"index":"index","follow":"follow","max-snippet":"max-snippet:-1","max-image-preview":"max-image-preview:large","max-video-preview":"max-video-preview:-1"},"canonical":"https:\/\/www.camping-des-tourbieres.com\/nl\/juridische-kennisgeving\/","og_locale":"nl_NL","og_type":"article","og_title":"Juridische kennisgeving - Camping des Tourbi\u00e8res","og_description":"Mentions l\u00e9gales PUBLIEFER SAS des Tourbi\u00e8res Locatie Le Petit Lyon 24320 VENDOIRE Naamloze vennootschap met kapitaal van \u20ac 1.000,00SIRET 90265146200019BTW Intracommunautair FR63902651462 Directeur van publicatie: Fannie PLANTARDE-mail: contact@camping-petit-lion.comTel. 05.53.91.00.74 ACCOMMODATIE Deze site wordt gehost door OVH \u2013 2 rue Kellermann \u2013 59100 Roubaix \u2013 Frankrijk ONTWERP EN UITVOERING DBCOM Agency10 Place L\u00e9on Meyer76600 Le Havre [&hellip;]","og_url":"https:\/\/www.camping-des-tourbieres.com\/nl\/juridische-kennisgeving\/","og_site_name":"Camping des Tourbi\u00e8res","article_modified_time":"2024-02-20T15:41:20+00:00","twitter_card":"summary_large_image","twitter_misc":{"Est. reading time":"1 minute"},"schema":{"@context":"https:\/\/schema.org","@graph":[{"@type":"WebPage","@id":"https:\/\/www.camping-des-tourbieres.com\/nl\/juridische-kennisgeving\/","url":"https:\/\/www.camping-des-tourbieres.com\/nl\/juridische-kennisgeving\/","name":"Juridische kennisgeving - Camping des Tourbi\u00e8res","isPartOf":{"@id":"https:\/\/www.camping-des-tourbieres.com\/nl\/#website"},"datePublished":"2022-02-16T14:43:40+00:00","dateModified":"2024-02-20T15:41:20+00:00","inLanguage":"nl-NL","potentialAction":[{"@type":"ReadAction","target":["https:\/\/www.camping-des-tourbieres.com\/nl\/juridische-kennisgeving\/"]}]},{"@type":"WebSite","@id":"https:\/\/www.camping-des-tourbieres.com\/nl\/#website","url":"https:\/\/www.camping-des-tourbieres.com\/nl\/","name":"Camping des Tourbi\u00e8res","description":"","potentialAction":[{"@type":"SearchAction","target":{"@type":"EntryPoint","urlTemplate":"https:\/\/www.camping-des-tourbieres.com\/nl\/?s={search_term_string}"},"query-input":{"@type":"PropertyValueSpecification","valueRequired":true,"valueName":"search_term_string"}}],"inLanguage":"nl-NL"}]}},"_links":{"self":[{"href":"https:\/\/www.camping-des-tourbieres.com\/nl\/wp-json\/wp\/v2\/pages\/2902","targetHints":{"allow":["GET"]}}],"collection":[{"href":"https:\/\/www.camping-des-tourbieres.com\/nl\/wp-json\/wp\/v2\/pages"}],"about":[{"href":"https:\/\/www.camping-des-tourbieres.com\/nl\/wp-json\/wp\/v2\/types\/page"}],"author":[{"embeddable":true,"href":"https:\/\/www.camping-des-tourbieres.com\/nl\/wp-json\/wp\/v2\/users\/1"}],"replies":[{"embeddable":true,"href":"https:\/\/www.camping-des-tourbieres.com\/nl\/wp-json\/wp\/v2\/comments?post=2902"}],"version-history":[{"count":7,"href":"https:\/\/www.camping-des-tourbieres.com\/nl\/wp-json\/wp\/v2\/pages\/2902\/revisions"}],"predecessor-version":[{"id":3282,"href":"https:\/\/www.camping-des-tourbieres.com\/nl\/wp-json\/wp\/v2\/pages\/2902\/revisions\/3282"}],"wp:attachment":[{"href":"https:\/\/www.camping-des-tourbieres.com\/nl\/wp-json\/wp\/v2\/media?parent=2902"}],"curies":[{"name":"wp","href":"https:\/\/api.w.org\/{rel}","templated":true}]}}