{"id":2900,"date":"2023-12-05T08:52:33","date_gmt":"2023-12-05T08:52:33","guid":{"rendered":"https:\/\/www.camping-des-tourbieres.com\/huttes\/"},"modified":"2026-04-27T15:59:03","modified_gmt":"2026-04-27T15:59:03","slug":"huttes","status":"publish","type":"page","link":"https:\/\/www.camping-des-tourbieres.com\/nl\/huttes\/","title":{"rendered":"Hutten"},"content":{"rendered":"<p><img decoding=\"async\" src=\"\/wp-content\/uploads\/divider.svg\" alt=\"\"><\/p>\n<div>KLEINE HUTTEN IN CAMPINGSFEER<\/div>\n<h1>HOUTEN HUTTEN<\/h1>\n<p><img decoding=\"async\" src=\"\/wp-content\/uploads\/divider.svg\" alt=\"\"><\/p>\n<hr>\n<h2>DE HUTTEN<\/h2>\n<div>ACCOMMODATIE VOOR 2 TOT 4 PERSONEN<\/div>\n<div>\n<p>Bent u op zoek naar een originele manier om uw vakantie door te brengen? Dan bieden wij u onze hutten gelegen in het beboste hart van de Tourbi\u00e8res aan.<\/p>\n<p>Deze hutten zijn een compromis tussen het comfort van een camper en het plezier van kamperen. Neem plaats op de schaduwrijke terras en geniet van de rust tijdens deze budgetvriendelijke vakantie.<\/p>\n<\/div>\n<div>\n<p>    <img decoding=\"async\" src=\"\/wp-content\/uploads\/hutte-2-1.jpg\" alt=\"Hutte en bois\"><\/p>\n<\/div>\n<p><img decoding=\"async\" src=\"\/wp-content\/uploads\/hutte-bois.jpg\" alt=\"Vue ext\u00e9rieur d'une hutte en bois\"><br \/>\n<img decoding=\"async\" src=\"\/wp-content\/uploads\/hutte-bois-3.jpg\" alt=\"Vue int\u00e9rieur d'une hutte en bois\"><br \/>\n<img decoding=\"async\" src=\"\/wp-content\/uploads\/hutte-bois-2.jpg\" alt=\"Vue int\u00e9rieur d'une tente Safari\"><br \/>\n<img decoding=\"async\" src=\"\/wp-content\/uploads\/hutte-bois-4.jpg\" alt=\"Vue int\u00e9rieur d'une hutte en bois\"><\/p>\n<ul>\n<li>\n<div>\n<p><strong>Voor 2 tot 4 personen <\/strong><\/p>\n<\/div>\n<\/li>\n<li>\n<div>\n<p><strong>Woonruimte met keuken:<\/strong><br \/>Koelkast, koffiezet, gasfornuis met 2 branders, afwaskit, plooitafel.<\/p>\n<\/div>\n<\/li>\n<li>\n<div>\n<p><strong>Kamer 1:<\/strong> <br \/>1 tweepersoonsbed 140 x 190.<\/p>\n<\/div>\n<\/li>\n<li>\n<div>\n<p><strong>Kamer 2:<\/strong> <br \/>1 stapelbed met twee matrassen 80 x 190.<br \/>\nDekbedden, dekens en kussens aanwezig.<\/p>\n<\/div>\n<\/li>\n<li>\n<div>\n<p><strong>Zonder sanitair.<\/strong><\/p>\n<\/div>\n<\/li>\n<li>\n<div>\n<p><strong>Waterpunt in de nabijheid.<\/strong><\/p>\n<\/div>\n<\/li>\n<li>\n<div>\n<p><strong>Overdekte terras<\/strong><br \/>Buitentafel met stoelen.<br \/>Wasdraad.<br \/>Zonnebad.<\/p>\n<\/div>\n<\/li>\n<\/ul>\n<hr>\n<h2>TARIEVEN VOOR TWEE PERSONEN<\/h2>\n<h3>DE KLEINE +JES VOOR UW VERBLIJF<\/h3>\n<ul>\n<li>\n<h3>HUREN LINNEN VOOR TWEEPERSOONSBED<\/h3>\n<p>15.00 \u20ac<\/p>\n<\/li>\n<li>\n<h3>HUREN LINNEN VOOR \u00c9\u00c9NPERSOONSBED<\/h3>\n<p>12.00 \u20ac<\/p>\n<\/li>\n<li>\n<h3>HUREN VAN BADHANDDOEKEN: 1 GROTE EN 1 KLEINE<\/h3>\n<p>8.00 \u20ac<\/p>\n<\/li>\n<\/ul>\n<ul>\n<li>\n<h3>huishouden zonder sanitaire voorzieningen<\/h3>\n<p>60.00 \u20ac<\/p>\n<\/li>\n<li>\n<h3>huishouden met sanitaire voorzieningen<\/h3>\n<p>90.00 \u20ac<\/p>\n<\/li>\n<\/ul>\n<ul>\n<li>\n<h3>DIER<\/h3>\n<p>4.00 \u20ac \/dag<\/p>\n<\/li>\n<li>\n<h3>Barbecue<\/h3>\n<p>2.00 \u20ac \/dag<\/p>\n<\/li>\n<li>\n<h3>BABY-KIT (BEDJE, BABYSTOEL, LIGZETEL, VERSCHOONTAFEL)<\/h3>\n<p>3.00 \u20ac \/dag<\/p>\n<\/li>\n<\/ul>\n<div>\n<p>Haardrogers en strijkijzers zijn beschikbaar aan het onthaal.<\/p>\n<\/div>\n<p><!--more--><br \/>\n<!-- {\"type\":\"layout\",\"children\":[{\"name\":\"Hero\",\"type\":\"section\",\"props\":{\"header_transparent\":true,\"header_transparent_noplaceholder\":true,\"header_transparent_text_color\":\"dark\",\"height\":\"viewport\",\"height_offset_top\":true,\"height_viewport\":80,\"image\":\"wp-content\\\/uploads\\\/hutte.jpg\",\"image_position\":\"center-center\",\"image_size\":\"cover\",\"media_overlay\":\"rgba(29, 18, 18, 0.38)\",\"overlap\":true,\"padding_remove_top\":false,\"style\":\"primary\",\"title_breakpoint\":\"xl\",\"title_position\":\"top-left\",\"title_rotation\":\"left\",\"vertical_align\":\"middle\",\"width\":\"large\"},\"children\":[{\"type\":\"row\",\"children\":[{\"type\":\"column\",\"props\":{\"image_position\":\"center-center\",\"position_sticky_breakpoint\":\"m\",\"width_medium\":\"1-1\"},\"children\":[{\"type\":\"image\",\"props\":{\"class\":\"cdt-center-heading\",\"css\":\".el-element{\\n\\tmargin-top:80px;\\n}\",\"image\":\"wp-content\\\/uploads\\\/divider.svg\",\"image_loading\":true,\"image_svg_color\":\"emphasis\",\"image_svg_inline\":true,\"margin\":\"default\",\"text_align\":\"center\"},\"name\":\"Divider Image\"},{\"type\":\"headline\",\"props\":{\"content\":\"KLEINE HUTTEN IN CAMPINGSFEER\",\"margin\":\"small\",\"margin_remove_bottom\":true,\"parallax_breakpoint\":\"m\",\"parallax_easing\":\"0.8\",\"parallax_end\":\"5vh + 5%\",\"parallax_opacity\":\"1,0\",\"parallax_y\":\"0,60\",\"text_align\":\"center\",\"title_element\":\"div\",\"title_style\":\"h4\"}},{\"type\":\"headline\",\"props\":{\"content\":\"HOUTEN HUTTEN\",\"css\":\"@media screen and (max-width:640px){\\n    .el-element{\\n        font-size:44px;\\n    }\\n}\",\"margin_remove_top\":true,\"parallax_breakpoint\":\"m\",\"parallax_easing\":\"0.8\",\"parallax_end\":\"5vh + 5%\",\"parallax_opacity\":\"1,0\",\"parallax_y\":\"0,60\",\"text_align\":\"center\",\"title_element\":\"h1\",\"title_style\":\"heading-xlarge\"}},{\"type\":\"image\",\"props\":{\"image\":\"wp-content\\\/uploads\\\/divider.svg\",\"image_loading\":true,\"image_svg_color\":\"emphasis\",\"image_svg_inline\":true,\"margin\":\"default\",\"text_align\":\"center\"},\"name\":\"Divider Image\"}]}]}]},{\"name\":\"Dormir - Single\",\"type\":\"section\",\"props\":{\"animation\":\"fade\",\"image_position\":\"center-center\",\"padding\":\"large\",\"style\":\"default\",\"title_breakpoint\":\"xl\",\"title_position\":\"top-left\",\"title_rotation\":\"left\",\"vertical_align\":\"\",\"width\":\"large\"},\"children\":[{\"type\":\"row\",\"props\":{\"layout\":\"1-2,1-2\",\"margin\":\"large\",\"row_gap\":\"medium\"},\"children\":[{\"type\":\"column\",\"props\":{\"image_position\":\"center-center\",\"position_sticky_breakpoint\":\"m\",\"vertical_align\":\"middle\",\"width_medium\":\"1-2\"},\"children\":[{\"type\":\"divider\",\"props\":{\"divider_element\":\"hr\",\"divider_style\":\"small\",\"margin_remove_bottom\":true}},{\"type\":\"headline\",\"props\":{\"content\":\"DE HUTTEN\",\"title_element\":\"h2\",\"title_style\":\"heading-medium\"}},{\"type\":\"headline\",\"props\":{\"content\":\"ACCOMMODATIE VOOR 2 TOT 4 PERSONEN\",\"margin_remove_top\":true,\"title_color\":\"primary\",\"title_element\":\"div\",\"title_style\":\"h3\"}},{\"type\":\"text\",\"props\":{\"column_breakpoint\":\"m\",\"content\":\"\n\n<p>Bent u op zoek naar een originele manier om uw vakantie door te brengen? Dan bieden wij u onze hutten gelegen in het beboste hart van de Tourbi\\u00e8res aan.<\\\/p>\\n\n\n<p>Deze hutten zijn een compromis tussen het comfort van een camper en het plezier van kamperen. Neem plaats op de schaduwrijke terras en geniet van de rust tijdens deze budgetvriendelijke vakantie.<\\\/p>\",\"margin\":\"medium\",\"maxwidth\":\"xlarge\"}}]},{\"type\":\"column\",\"props\":{\"image_position\":\"center-center\",\"position_sticky_breakpoint\":\"m\",\"width_medium\":\"1-2\"},\"children\":[{\"type\":\"slideshow\",\"props\":{\"class\":\"dbc-img\",\"image_width\":\"920\",\"link_style\":\"default\",\"link_text\":\"Read more\",\"margin\":\"default\",\"meta_align\":\"below-title\",\"meta_element\":\"div\",\"meta_style\":\"text-meta\",\"nav\":\"dotnav\",\"nav_align\":\"center\",\"nav_below\":false,\"nav_breakpoint\":\"s\",\"nav_position\":\"bottom-left\",\"nav_position_margin\":\"medium\",\"overlay_animation\":\"parallax\",\"overlay_position\":\"center-left\",\"show_content\":true,\"show_link\":true,\"show_meta\":true,\"show_thumbnail\":true,\"show_title\":true,\"slidenav\":\"\",\"slidenav_breakpoint\":\"s\",\"slidenav_margin\":\"medium\",\"slidenav_outside_breakpoint\":\"xl\",\"slideshow_autoplay\":true,\"slideshow_autoplay_pause\":true,\"slideshow_min_height\":300,\"slideshow_ratio\":\"1200:900\",\"text_color\":\"light\",\"thumbnav_height\":\"75\",\"thumbnav_svg_color\":\"emphasis\",\"thumbnav_width\":\"100\",\"title_element\":\"h3\",\"title_hover_style\":\"reset\"},\"children\":[{\"type\":\"slideshow_item\",\"props\":{\"image\":\"wp-content\\\/uploads\\\/hutte-2-1.jpg\",\"image_alt\":\"Hutte en bois\"}}]}]}]},{\"type\":\"row\",\"props\":{\"column_gap\":\"medium\",\"divider\":false,\"layout\":\"1-4,1-4,1-2|1-2,1-2,1-1\",\"margin\":\"large\",\"row_gap\":\"medium\"},\"children\":[{\"type\":\"column\",\"props\":{\"image_position\":\"center-center\",\"position_sticky_breakpoint\":\"m\",\"width_medium\":\"1-3\",\"width_small\":\"1-2\"},\"children\":[{\"type\":\"image\",\"props\":{\"class\":\"dbc-img\",\"image\":\"wp-content\\\/uploads\\\/hutte-bois.jpg\",\"image_alt\":\"Vue ext\\u00e9rieur d'une hutte en bois\",\"image_height\":\"500\",\"image_svg_color\":\"emphasis\",\"image_width\":\"600\",\"lightbox_width\":\"920\",\"link_target\":\"modal\",\"margin\":\"default\"}},{\"type\":\"image\",\"props\":{\"class\":\"dbc-img\",\"image\":\"wp-content\\\/uploads\\\/hutte-bois-3.jpg\",\"image_alt\":\"Vue int\\u00e9rieur d'une hutte en bois\",\"image_height\":\"500\",\"image_svg_color\":\"emphasis\",\"image_width\":\"600\",\"lightbox_width\":\"920\",\"link_target\":\"modal\",\"margin\":\"default\"}}]},{\"type\":\"column\",\"props\":{\"image_position\":\"center-center\",\"position_sticky_breakpoint\":\"m\",\"width_medium\":\"1-3\",\"width_small\":\"1-2\"},\"children\":[{\"type\":\"image\",\"props\":{\"class\":\"dbc-img\",\"image\":\"wp-content\\\/uploads\\\/hutte-bois-2.jpg\",\"image_alt\":\"Vue int\\u00e9rieur d'une tente Safari\",\"image_height\":\"500\",\"image_svg_color\":\"emphasis\",\"image_width\":\"600\",\"lightbox_width\":\"920\",\"link_target\":\"modal\",\"margin\":\"default\"}},{\"type\":\"image\",\"props\":{\"class\":\"dbc-img\",\"image\":\"wp-content\\\/uploads\\\/hutte-bois-4.jpg\",\"image_alt\":\"Vue int\\u00e9rieur d'une hutte en bois\",\"image_height\":\"500\",\"image_svg_color\":\"emphasis\",\"image_width\":\"600\",\"lightbox_width\":\"920\",\"link_target\":\"modal\",\"margin\":\"default\"}}]},{\"type\":\"column\",\"props\":{\"image_position\":\"center-center\",\"padding\":\"small\",\"position_sticky_breakpoint\":\"m\",\"style\":\"tile-primary\",\"vertical_align\":\"middle\",\"width_medium\":\"1-3\",\"width_small\":\"1-1\"},\"children\":[{\"type\":\"list\",\"props\":{\"block_align\":\"center\",\"class\":\"uk-text-emphasis\",\"column_breakpoint\":\"m\",\"image_align\":\"left\",\"image_svg_color\":\"emphasis\",\"image_vertical_align\":true,\"list_element\":\"ul\",\"list_horizontal_separator\":\", \",\"list_marker\":\"bullet\",\"list_type\":\"vertical\",\"margin\":\"medium\",\"maxwidth\":\"large\",\"maxwidth_breakpoint\":\"m\",\"show_image\":true,\"show_link\":true},\"children\":[{\"type\":\"list_item\",\"props\":{\"content\":\"\n\n<p><strong>Voor 2 tot 4 personen <\\\/strong><\\\/p>\"}},{\"type\":\"list_item\",\"props\":{\"content\":\"\n\n<p><strong>Woonruimte met keuken:<\\\/strong><br \\\/>Koelkast, koffiezet, gasfornuis met 2 branders, afwaskit, plooitafel.<\\\/p>\"}},{\"type\":\"list_item\",\"props\":{\"content\":\"\n\n<p><strong>Kamer 1:<\\\/strong> <br \\\/>1 tweepersoonsbed 140 x 190.<\\\/p>\"}},{\"type\":\"list_item\",\"props\":{\"content\":\"\n\n<p><strong>Kamer 2:<\\\/strong> <br \\\/>1 stapelbed met twee matrassen 80 x 190.<br\\\/>\\nDekbedden, dekens en kussens aanwezig.<\\\/p>\"}},{\"type\":\"list_item\",\"props\":{\"content\":\"\n\n<p><strong>Zonder sanitair.<\\\/strong><\\\/p>\"}},{\"type\":\"list_item\",\"props\":{\"content\":\"\n\n<p><strong>Waterpunt in de nabijheid.<\\\/strong><\\\/p>\"}},{\"type\":\"list_item\",\"props\":{\"content\":\"\n\n<p><strong>Overdekte terras<\\\/strong><br \\\/>Buitentafel met stoelen.<br \\\/>Wasdraad.<br\\\/>Zonnebad.<\\\/p>\"}}]}]}]}]},{\"name\":\"Divider\",\"type\":\"section\",\"props\":{\"image_effect\":\"parallax\",\"image_parallax_bgy\":\"50,-50\",\"image_parallax_easing\":\"1\",\"image_position\":\"center-center\",\"image_size\":\"cover\",\"image_width\":\"2560\",\"padding\":\"xsmall\",\"style\":\"default\",\"title_breakpoint\":\"xl\",\"title_position\":\"top-left\",\"title_rotation\":\"left\",\"vertical_align\":\"\",\"width\":\"large\"},\"children\":[{\"type\":\"row\",\"children\":[{\"type\":\"column\",\"props\":{\"image_position\":\"center-center\",\"position_sticky_breakpoint\":\"m\",\"width_medium\":\"1-1\"},\"children\":[{\"type\":\"divider\",\"props\":{\"divider_element\":\"hr\",\"divider_style\":\"icon\",\"margin\":\"xlarge\"}}]}]}]},{\"name\":\"Services - NL\",\"type\":\"section\",\"props\":{\"animation\":\"fade\",\"image_position\":\"center-center\",\"padding\":\"large\",\"padding_remove_bottom\":true,\"style\":\"default\",\"title_breakpoint\":\"xl\",\"title_position\":\"top-left\",\"title_rotation\":\"left\",\"vertical_align\":\"\",\"width\":\"large\"},\"children\":[{\"type\":\"row\",\"props\":{\"column_gap\":\"collapse\",\"margin\":\"medium\",\"row_gap\":\"collapse\"},\"children\":[{\"type\":\"column\",\"props\":{\"image_position\":\"center-center\",\"position_sticky_breakpoint\":\"m\",\"width_medium\":\"1-1\"},\"children\":[{\"type\":\"headline\",\"props\":{\"content\":\"TARIEVEN VOOR TWEE PERSONEN\",\"title_color\":\"success\",\"title_element\":\"h2\",\"title_style\":\"heading-small\"},\"name\":\"Services - Headline\"}]}]},{\"type\":\"row\",\"props\":{\"column_gap\":\"collapse\",\"margin\":\"medium\",\"row_gap\":\"collapse\"},\"children\":[{\"type\":\"column\",\"props\":{\"image_position\":\"center-center\",\"position_sticky_breakpoint\":\"m\",\"width_medium\":\"1-1\"},\"children\":[{\"type\":\"headline\",\"props\":{\"content\":\"DE KLEINE +JES VOOR UW VERBLIJF\",\"margin_remove_bottom\":false,\"margin_remove_top\":true,\"title_color\":\"primary\",\"title_element\":\"h3\"}}]}]},{\"type\":\"row\",\"props\":{\"column_gap\":\"large\",\"divider\":false,\"layout\":\"1-2,1-2\",\"margin\":\"medium\",\"row_gap\":\"large\"},\"children\":[{\"type\":\"column\",\"props\":{\"image_position\":\"center-center\",\"position_sticky_breakpoint\":\"m\",\"width_medium\":\"1-2\"},\"children\":[{\"type\":\"description_list\",\"props\":{\"column_breakpoint\":\"m\",\"layout\":\"grid-2-m\",\"list_element\":\"ul\",\"list_size\":\"large\",\"margin_remove_top\":true,\"meta_align\":\"below-content\",\"meta_color\":\"primary\",\"meta_style\":\"\",\"show_content\":true,\"show_link\":true,\"show_meta\":true,\"show_title\":true,\"title_colon\":false,\"title_element\":\"div\",\"title_grid_column_gap\":\"small\",\"title_grid_row_gap\":\"small\",\"title_grid_width\":\"expand\",\"title_leader\":true,\"title_style\":\"h5\"},\"children\":[{\"type\":\"description_list_item\",\"props\":{\"content\":\"\",\"meta\":\"15.00 \\u20ac\",\"title\":\"HUREN LINNEN VOOR TWEEPERSOONSBED\"}},{\"type\":\"description_list_item\",\"props\":{\"content\":\"\",\"meta\":\"12.00 \\u20ac\",\"title\":\"HUREN LINNEN VOOR \\u00c9\\u00c9NPERSOONSBED\"}},{\"type\":\"description_list_item\",\"props\":{\"content\":\"\",\"meta\":\"8.00 \\u20ac\",\"title\":\"HUREN VAN BADHANDDOEKEN: 1 GROTE EN 1 KLEINE\"}}]}]},{\"type\":\"column\",\"props\":{\"image_position\":\"center-center\",\"position_sticky_breakpoint\":\"m\",\"width_medium\":\"1-2\"},\"children\":[{\"type\":\"description_list\",\"props\":{\"column_breakpoint\":\"m\",\"layout\":\"grid-2-m\",\"list_element\":\"ul\",\"list_size\":\"large\",\"margin_remove_top\":false,\"meta_align\":\"below-content\",\"meta_color\":\"primary\",\"meta_style\":\"\",\"show_content\":true,\"show_link\":true,\"show_meta\":true,\"show_title\":true,\"title_colon\":false,\"title_element\":\"div\",\"title_grid_column_gap\":\"small\",\"title_grid_row_gap\":\"small\",\"title_grid_width\":\"expand\",\"title_leader\":true,\"title_style\":\"h5\"},\"children\":[{\"type\":\"description_list_item\",\"props\":{\"content\":\"\",\"meta\":\"60.00 \\u20ac\",\"title\":\"huishouden zonder sanitaire voorzieningen\"}},{\"type\":\"description_list_item\",\"props\":{\"content\":\"\",\"meta\":\"90.00 \\u20ac\",\"title\":\"huishouden met sanitaire voorzieningen\"}}]}]}]},{\"type\":\"row\",\"children\":[{\"type\":\"column\",\"props\":{\"image_position\":\"center-center\",\"position_sticky_breakpoint\":\"m\"},\"children\":[{\"type\":\"description_list\",\"props\":{\"column_breakpoint\":\"m\",\"layout\":\"grid-2-m\",\"list_element\":\"ul\",\"list_size\":\"large\",\"margin_remove_top\":false,\"meta_align\":\"below-content\",\"meta_color\":\"primary\",\"meta_style\":\"\",\"show_content\":true,\"show_link\":true,\"show_meta\":true,\"show_title\":true,\"title_colon\":false,\"title_element\":\"div\",\"title_grid_column_gap\":\"small\",\"title_grid_row_gap\":\"small\",\"title_grid_width\":\"expand\",\"title_leader\":true,\"title_style\":\"h5\"},\"children\":[{\"type\":\"description_list_item\",\"props\":{\"content\":\"\",\"meta\":\"4.00 \\u20ac \\\/dag\",\"title\":\"DIER\"}},{\"type\":\"description_list_item\",\"props\":{\"content\":\"\",\"meta\":\"2.00 \\u20ac \\\/dag\",\"title\":\"Barbecue\"}},{\"type\":\"description_list_item\",\"props\":{\"content\":\"\",\"meta\":\"3.00 \\u20ac \\\/dag\",\"title\":\"BABY-KIT (BEDJE, BABYSTOEL, LIGZETEL, VERSCHOONTAFEL)\"}}]}]}]},{\"type\":\"row\",\"props\":{\"row_gap\":\"large\"},\"children\":[{\"type\":\"column\",\"props\":{\"image_position\":\"center-center\",\"position_sticky_breakpoint\":\"m\"},\"children\":[{\"type\":\"text\",\"props\":{\"column_breakpoint\":\"m\",\"content\":\"\n\n<p>Haardrogers en strijkijzers zijn beschikbaar aan het onthaal.<\\\/p>\",\"margin\":\"default\"}}]}]}]}],\"version\":\"4.5.32\"} --><\/p>\n","protected":false},"excerpt":{"rendered":"<p>KLEINE HUTTEN IN CAMPINGSFEER HOUTEN HUTTEN DE HUTTEN ACCOMMODATIE VOOR 2 TOT 4 PERSONEN Bent u op zoek naar een originele manier om uw vakantie door te brengen? Dan bieden wij u onze hutten gelegen in het beboste hart van de Tourbi\u00e8res aan. Deze hutten zijn een compromis tussen het comfort van een camper en [&hellip;]<\/p>\n","protected":false},"author":1,"featured_media":0,"parent":0,"menu_order":0,"comment_status":"closed","ping_status":"closed","template":"","meta":{"footnotes":""},"class_list":["post-2900","page","type-page","status-publish","hentry"],"yoast_head":"<!-- This site is optimized with the Yoast SEO plugin v27.6 - https:\/\/yoast.com\/product\/yoast-seo-wordpress\/ -->\n<title>Hutten - Camping des Tourbi\u00e8res<\/title>\n<meta name=\"description\" content=\"Camping des Tourbi\u00e8res : D\u00e9couvrez les diff\u00e9rentes Huttes en bois \u00e0 votre disposition\" \/>\n<meta name=\"robots\" content=\"index, follow, max-snippet:-1, max-image-preview:large, max-video-preview:-1\" \/>\n<link rel=\"canonical\" href=\"https:\/\/www.camping-des-tourbieres.com\/nl\/huttes\/\" \/>\n<meta property=\"og:locale\" content=\"nl_NL\" \/>\n<meta property=\"og:type\" content=\"article\" \/>\n<meta property=\"og:title\" content=\"Hutten - Camping des Tourbi\u00e8res\" \/>\n<meta property=\"og:description\" content=\"Camping des Tourbi\u00e8res : D\u00e9couvrez les diff\u00e9rentes Huttes en bois \u00e0 votre disposition\" \/>\n<meta property=\"og:url\" content=\"https:\/\/www.camping-des-tourbieres.com\/nl\/huttes\/\" \/>\n<meta property=\"og:site_name\" content=\"Camping des Tourbi\u00e8res\" \/>\n<meta property=\"article:modified_time\" content=\"2026-04-27T15:59:03+00:00\" \/>\n<meta name=\"twitter:card\" content=\"summary_large_image\" \/>\n<meta name=\"twitter:label1\" content=\"Est. reading time\" \/>\n\t<meta name=\"twitter:data1\" content=\"2 minutes\" \/>\n<script type=\"application\/ld+json\" class=\"yoast-schema-graph\">{\"@context\":\"https:\\\/\\\/schema.org\",\"@graph\":[{\"@type\":\"WebPage\",\"@id\":\"https:\\\/\\\/www.camping-des-tourbieres.com\\\/nl\\\/huttes\\\/\",\"url\":\"https:\\\/\\\/www.camping-des-tourbieres.com\\\/nl\\\/huttes\\\/\",\"name\":\"Hutten - Camping des Tourbi\u00e8res\",\"isPartOf\":{\"@id\":\"https:\\\/\\\/www.camping-des-tourbieres.com\\\/nl\\\/#website\"},\"datePublished\":\"2023-12-05T08:52:33+00:00\",\"dateModified\":\"2026-04-27T15:59:03+00:00\",\"description\":\"Camping des Tourbi\u00e8res : D\u00e9couvrez les diff\u00e9rentes Huttes en bois \u00e0 votre disposition\",\"inLanguage\":\"nl-NL\",\"potentialAction\":[{\"@type\":\"ReadAction\",\"target\":[\"https:\\\/\\\/www.camping-des-tourbieres.com\\\/nl\\\/huttes\\\/\"]}]},{\"@type\":\"WebSite\",\"@id\":\"https:\\\/\\\/www.camping-des-tourbieres.com\\\/nl\\\/#website\",\"url\":\"https:\\\/\\\/www.camping-des-tourbieres.com\\\/nl\\\/\",\"name\":\"Camping des Tourbi\u00e8res\",\"description\":\"\",\"potentialAction\":[{\"@type\":\"SearchAction\",\"target\":{\"@type\":\"EntryPoint\",\"urlTemplate\":\"https:\\\/\\\/www.camping-des-tourbieres.com\\\/nl\\\/?s={search_term_string}\"},\"query-input\":{\"@type\":\"PropertyValueSpecification\",\"valueRequired\":true,\"valueName\":\"search_term_string\"}}],\"inLanguage\":\"nl-NL\"}]}<\/script>\n<!-- \/ Yoast SEO plugin. -->","yoast_head_json":{"title":"Hutten - Camping des Tourbi\u00e8res","description":"Camping des Tourbi\u00e8res : D\u00e9couvrez les diff\u00e9rentes Huttes en bois \u00e0 votre disposition","robots":{"index":"index","follow":"follow","max-snippet":"max-snippet:-1","max-image-preview":"max-image-preview:large","max-video-preview":"max-video-preview:-1"},"canonical":"https:\/\/www.camping-des-tourbieres.com\/nl\/huttes\/","og_locale":"nl_NL","og_type":"article","og_title":"Hutten - Camping des Tourbi\u00e8res","og_description":"Camping des Tourbi\u00e8res : D\u00e9couvrez les diff\u00e9rentes Huttes en bois \u00e0 votre disposition","og_url":"https:\/\/www.camping-des-tourbieres.com\/nl\/huttes\/","og_site_name":"Camping des Tourbi\u00e8res","article_modified_time":"2026-04-27T15:59:03+00:00","twitter_card":"summary_large_image","twitter_misc":{"Est. reading time":"2 minutes"},"schema":{"@context":"https:\/\/schema.org","@graph":[{"@type":"WebPage","@id":"https:\/\/www.camping-des-tourbieres.com\/nl\/huttes\/","url":"https:\/\/www.camping-des-tourbieres.com\/nl\/huttes\/","name":"Hutten - Camping des Tourbi\u00e8res","isPartOf":{"@id":"https:\/\/www.camping-des-tourbieres.com\/nl\/#website"},"datePublished":"2023-12-05T08:52:33+00:00","dateModified":"2026-04-27T15:59:03+00:00","description":"Camping des Tourbi\u00e8res : D\u00e9couvrez les diff\u00e9rentes Huttes en bois \u00e0 votre disposition","inLanguage":"nl-NL","potentialAction":[{"@type":"ReadAction","target":["https:\/\/www.camping-des-tourbieres.com\/nl\/huttes\/"]}]},{"@type":"WebSite","@id":"https:\/\/www.camping-des-tourbieres.com\/nl\/#website","url":"https:\/\/www.camping-des-tourbieres.com\/nl\/","name":"Camping des Tourbi\u00e8res","description":"","potentialAction":[{"@type":"SearchAction","target":{"@type":"EntryPoint","urlTemplate":"https:\/\/www.camping-des-tourbieres.com\/nl\/?s={search_term_string}"},"query-input":{"@type":"PropertyValueSpecification","valueRequired":true,"valueName":"search_term_string"}}],"inLanguage":"nl-NL"}]}},"_links":{"self":[{"href":"https:\/\/www.camping-des-tourbieres.com\/nl\/wp-json\/wp\/v2\/pages\/2900","targetHints":{"allow":["GET"]}}],"collection":[{"href":"https:\/\/www.camping-des-tourbieres.com\/nl\/wp-json\/wp\/v2\/pages"}],"about":[{"href":"https:\/\/www.camping-des-tourbieres.com\/nl\/wp-json\/wp\/v2\/types\/page"}],"author":[{"embeddable":true,"href":"https:\/\/www.camping-des-tourbieres.com\/nl\/wp-json\/wp\/v2\/users\/1"}],"replies":[{"embeddable":true,"href":"https:\/\/www.camping-des-tourbieres.com\/nl\/wp-json\/wp\/v2\/comments?post=2900"}],"version-history":[{"count":31,"href":"https:\/\/www.camping-des-tourbieres.com\/nl\/wp-json\/wp\/v2\/pages\/2900\/revisions"}],"predecessor-version":[{"id":4348,"href":"https:\/\/www.camping-des-tourbieres.com\/nl\/wp-json\/wp\/v2\/pages\/2900\/revisions\/4348"}],"wp:attachment":[{"href":"https:\/\/www.camping-des-tourbieres.com\/nl\/wp-json\/wp\/v2\/media?parent=2900"}],"curies":[{"name":"wp","href":"https:\/\/api.w.org\/{rel}","templated":true}]}}