{"id":2896,"date":"2023-12-05T08:51:55","date_gmt":"2023-12-05T08:51:55","guid":{"rendered":"https:\/\/www.camping-des-tourbieres.com\/dormir\/emplacements\/"},"modified":"2025-04-28T06:43:32","modified_gmt":"2025-04-28T06:43:32","slug":"staanplaatsen","status":"publish","type":"page","link":"https:\/\/www.camping-des-tourbieres.com\/nl\/staanplaatsen\/","title":{"rendered":"Staanplaatsen"},"content":{"rendered":"<p><img decoding=\"async\" src=\"\/wp-content\/uploads\/divider.svg\" alt=\"\"><\/p>\n<div>IN ALLE RUST EN MIDDEN IN DE NATUUR<\/div>\n<h1>DE STAANPLAATSEN<\/h1>\n<p><img decoding=\"async\" src=\"\/wp-content\/uploads\/divider.svg\" alt=\"\"><\/p>\n<h2>EEN FAMILIALE CAMPING IN<br \/>DORDOGNE PERIGORD VERT<\/h2>\n<h3>34 RUIME STAANPLAATSEN<\/h3>\n<div>\n<p>De camping des Tourbi\u00e8res ligt aan de poort van het \u201cParc Naturel R\u00e9gional Limousin\u201d en van de site \u201cNatura 2000 des Tourbi\u00e8res de Vendoire\u201d. De camping beschikt over een ruime keuze aan grote staanplaatsen van 100 tot 200m\u00b2.<\/p>\n<p>Deze staanplaatsen worden omzoomd door een gediversifieerde aanplanting en verscheidene boomsoorten. Dit zorgt ervoor dat u kunt kiezen uit schaduwrijke, halfschaduw of zonnige staanplaatsen.<\/p>\n<\/div>\n<hr>\n<h2>Staanplaatsen<\/h2>\n<div>\n<p>Iedere staanplaats heeft in de nabijheid een waterpunt, een aftakpunt voor elektriciteit van 10 amp. en een sanitair blok toegankelijk voor mensen met een verminderde mobiliteit. Je vindt er een babywasruimte, douches, afwas- en wasplaats en toiletten.<\/p>\n<\/div>\n<ul>\n<li>\n<p>        <img decoding=\"async\" src=\"\/wp-content\/uploads\/nos-emplacements.jpg\" alt=\"Nos emplacements\"><\/p>\n<\/li>\n<li>\n<p>        <img decoding=\"async\" src=\"\/wp-content\/uploads\/pitch-3-scaled.jpg\" alt=\"Nos emplacements\"><\/p>\n<\/li>\n<\/ul>\n<hr>\n<h2>TARIEVEN VOOR TWEE PERSONEN<\/h2>\n<h3>TOESLAGEN PER NACHT<\/h3>\n<ul>\n<li>\n<h3>ECOTAKS (PER PERSOON PER NACHT)<\/h3>\n<p>0.50 \u20ac<\/p>\n<\/li>\n<li>\n<h3>VERBLIJFSTAKS (PER VOLWASSENE PER NACHT)<\/h3>\n<p>0.45 \u20ac<\/p>\n<\/li>\n<li>\n<h3>KIND JONGER DAN 18 MAAND<\/h3>\n<p>Gratis<\/p>\n<\/li>\n<li>\n<h3>KIND JONGER DAN 10 JAAR<\/h3>\n<p>4.00 \u20ac<\/p>\n<\/li>\n<li>\n<h3>KIND MEER DAN 10 JAAR OUD<\/h3>\n<p>6.00 \u20ac<\/p>\n<\/li>\n<\/ul>\n<ul>\n<li>\n<h3>DIER<\/h3>\n<p>2.00 \u20ac \/dag<\/p>\n<\/li>\n<li>\n<h3>Barbecue<\/h3>\n<p>4.00 \u20ac \/dag<\/p>\n<\/li>\n<li>\n<h3>ELECTRISCHE ADAPTER<\/h3>\n<p>3.00 \u20ac \/dag<\/p>\n<\/li>\n<\/ul>\n<div>\n<p>Haardrogers en strijkijzers zijn beschikbaar aan het onthaal.<\/p>\n<\/div>\n<p><!--more--><br \/>\n<!-- {\"type\":\"layout\",\"children\":[{\"name\":\"Hero\",\"type\":\"section\",\"props\":{\"header_transparent\":true,\"header_transparent_noplaceholder\":true,\"header_transparent_text_color\":\"dark\",\"height\":\"viewport\",\"height_offset_top\":true,\"height_viewport\":80,\"image\":\"wp-content\\\/uploads\\\/emplacement.jpg\",\"image_position\":\"center-center\",\"image_size\":\"cover\",\"media_overlay\":\"rgba(29, 18, 18, 0.38)\",\"overlap\":true,\"padding_remove_top\":false,\"style\":\"secondary\",\"title_breakpoint\":\"xl\",\"title_position\":\"top-left\",\"title_rotation\":\"left\",\"vertical_align\":\"middle\",\"width\":\"large\"},\"children\":[{\"type\":\"row\",\"children\":[{\"type\":\"column\",\"props\":{\"image_position\":\"center-center\",\"position_sticky_breakpoint\":\"m\",\"width_medium\":\"1-1\"},\"children\":[{\"type\":\"image\",\"props\":{\"class\":\"uk-margin-xlarge-top\",\"image\":\"wp-content\\\/uploads\\\/divider.svg\",\"image_loading\":true,\"image_svg_color\":\"emphasis\",\"image_svg_inline\":true,\"margin\":\"default\",\"text_align\":\"center\"},\"name\":\"Divider Image\"},{\"type\":\"headline\",\"props\":{\"content\":\"IN ALLE RUST EN MIDDEN IN DE NATUUR\",\"margin\":\"small\",\"margin_remove_bottom\":true,\"parallax_breakpoint\":\"m\",\"parallax_easing\":\"0.8\",\"parallax_end\":\"5vh + 5%\",\"parallax_opacity\":\"1,0\",\"parallax_y\":\"0,60\",\"text_align\":\"center\",\"title_element\":\"div\",\"title_style\":\"h4\"}},{\"type\":\"headline\",\"props\":{\"content\":\"DE STAANPLAATSEN\",\"css\":\"@media screen and (max-width:640px){\\n    .el-element{\\n        font-size:44px;\\n    }\\n}\",\"margin\":\"small\",\"margin_remove_bottom\":false,\"margin_remove_top\":true,\"parallax_breakpoint\":\"m\",\"parallax_easing\":\"0.8\",\"parallax_end\":\"5vh + 5%\",\"parallax_opacity\":\"1,0\",\"parallax_y\":\"0,60\",\"text_align\":\"center\",\"title_element\":\"h1\",\"title_style\":\"heading-xlarge\"}},{\"type\":\"image\",\"props\":{\"image\":\"wp-content\\\/uploads\\\/divider.svg\",\"image_loading\":true,\"image_svg_color\":\"emphasis\",\"image_svg_inline\":true,\"margin\":\"small\",\"text_align\":\"center\"},\"name\":\"Divider Image\"}]}]}]},{\"type\":\"section\",\"props\":{\"image_position\":\"center-center\",\"padding_remove_bottom\":false,\"style\":\"default\",\"title_breakpoint\":\"xl\",\"title_position\":\"top-left\",\"title_rotation\":\"left\",\"vertical_align\":\"\",\"width\":\"large\"},\"children\":[{\"type\":\"row\",\"props\":{\"margin\":\"default\",\"margin_remove_bottom\":false,\"margin_remove_top\":false},\"children\":[{\"type\":\"column\",\"props\":{\"image_position\":\"center-center\",\"position_sticky_breakpoint\":\"m\",\"width_medium\":\"1-1\"},\"children\":[{\"type\":\"headline\",\"props\":{\"block_align\":\"center\",\"content\":\"EEN FAMILIALE CAMPING IN<br \\\/>DORDOGNE PERIGORD VERT\",\"text_align\":\"center\",\"title_color\":\"success\",\"title_element\":\"h2\",\"title_style\":\"heading-medium\"}},{\"type\":\"divider\",\"props\":{\"divider_align\":\"center\",\"divider_element\":\"div\",\"divider_style\":\"small\",\"margin\":\"medium\",\"margin_remove_bottom\":true},\"name\":\"Divider\"},{\"type\":\"headline\",\"props\":{\"content\":\"34 RUIME STAANPLAATSEN\",\"text_align\":\"center\",\"title_color\":\"primary\",\"title_element\":\"h3\",\"title_style\":\"h3\"}}]}]},{\"type\":\"row\",\"children\":[{\"type\":\"column\",\"props\":{\"image_position\":\"center-center\",\"position_sticky_breakpoint\":\"m\"},\"children\":[{\"type\":\"text\",\"props\":{\"column_breakpoint\":\"m\",\"content\":\"\n\n<p>De camping des Tourbi\\u00e8res ligt aan de poort van het \\u201cParc Naturel R\\u00e9gional Limousin\\u201d en van de site \\u201cNatura 2000 des Tourbi\\u00e8res de Vendoire\\u201d. De camping beschikt over een ruime keuze aan grote staanplaatsen van 100 tot 200m\\u00b2.<\\\/p>\\n\n\n<p>Deze staanplaatsen worden omzoomd door een gediversifieerde aanplanting en verscheidene boomsoorten. Dit zorgt ervoor dat u kunt kiezen uit schaduwrijke, halfschaduw of zonnige staanplaatsen.<\\\/p>\",\"margin\":\"default\"}}]}]}]},{\"name\":\"Dormir - Single\",\"type\":\"section\",\"props\":{\"animation\":\"fade\",\"image_position\":\"center-center\",\"padding\":\"large\",\"padding_remove_top\":true,\"style\":\"default\",\"title_breakpoint\":\"xl\",\"title_position\":\"top-left\",\"title_rotation\":\"left\",\"vertical_align\":\"\",\"width\":\"large\"},\"children\":[{\"type\":\"row\",\"props\":{\"layout\":\"1-2,1-2\",\"margin\":\"large\",\"row_gap\":\"medium\"},\"children\":[{\"type\":\"column\",\"props\":{\"image_position\":\"center-center\",\"position_sticky_breakpoint\":\"m\",\"vertical_align\":\"middle\",\"width_medium\":\"1-2\"},\"children\":[{\"type\":\"divider\",\"props\":{\"divider_element\":\"hr\",\"divider_style\":\"small\",\"margin_remove_bottom\":true}},{\"type\":\"headline\",\"props\":{\"block_align\":\"center\",\"content\":\"Staanplaatsen\",\"title_color\":\"success\",\"title_element\":\"h2\",\"title_style\":\"heading-small\"}},{\"type\":\"text\",\"props\":{\"column_breakpoint\":\"m\",\"content\":\"\n\n<p>Iedere staanplaats heeft in de nabijheid een waterpunt, een aftakpunt voor elektriciteit van 10 amp. en een sanitair blok toegankelijk voor mensen met een verminderde mobiliteit. Je vindt er een babywasruimte, douches, afwas- en wasplaats en toiletten.<\\\/p>\",\"margin\":\"medium\",\"maxwidth\":\"xlarge\"}}]},{\"type\":\"column\",\"props\":{\"image_position\":\"center-center\",\"order_first\":\"m\",\"position_sticky_breakpoint\":\"m\",\"width_medium\":\"1-2\"},\"children\":[{\"type\":\"slideshow\",\"props\":{\"class\":\"dbc-img\",\"image_width\":\"920\",\"link_style\":\"default\",\"link_text\":\"Read more\",\"margin\":\"default\",\"meta_align\":\"below-title\",\"meta_element\":\"div\",\"meta_style\":\"text-meta\",\"nav\":\"dotnav\",\"nav_align\":\"center\",\"nav_below\":false,\"nav_breakpoint\":\"s\",\"nav_position\":\"bottom-left\",\"nav_position_margin\":\"medium\",\"overlay_animation\":\"parallax\",\"overlay_position\":\"center-left\",\"show_content\":true,\"show_link\":true,\"show_meta\":true,\"show_thumbnail\":true,\"show_title\":true,\"slidenav\":\"\",\"slidenav_breakpoint\":\"s\",\"slidenav_margin\":\"medium\",\"slidenav_outside_breakpoint\":\"xl\",\"slideshow_autoplay\":true,\"slideshow_autoplay_pause\":true,\"slideshow_min_height\":300,\"slideshow_ratio\":\"920:580\",\"text_color\":\"light\",\"thumbnav_height\":\"75\",\"thumbnav_svg_color\":\"emphasis\",\"thumbnav_width\":\"100\",\"title_element\":\"h3\",\"title_hover_style\":\"reset\"},\"children\":[{\"type\":\"slideshow_item\",\"props\":{\"image\":\"wp-content\\\/uploads\\\/nos-emplacements.jpg\",\"image_alt\":\"Nos emplacements\"}},{\"type\":\"slideshow_item\",\"props\":{\"image\":\"wp-content\\\/uploads\\\/pitch-3-scaled.jpg\",\"image_alt\":\"Nos emplacements\"}}]}]}]}]},{\"name\":\"Divider\",\"type\":\"section\",\"props\":{\"image_effect\":\"parallax\",\"image_parallax_bgy\":\"50,-50\",\"image_parallax_easing\":\"1\",\"image_position\":\"center-center\",\"image_size\":\"cover\",\"image_width\":\"2560\",\"padding\":\"xsmall\",\"style\":\"default\",\"title_breakpoint\":\"xl\",\"title_position\":\"top-left\",\"title_rotation\":\"left\",\"vertical_align\":\"\",\"width\":\"large\"},\"children\":[{\"type\":\"row\",\"children\":[{\"type\":\"column\",\"props\":{\"image_position\":\"center-center\",\"position_sticky_breakpoint\":\"m\",\"width_medium\":\"1-1\"},\"children\":[{\"type\":\"divider\",\"props\":{\"divider_element\":\"hr\",\"divider_style\":\"icon\",\"margin\":\"xlarge\"}}]}]}]},{\"name\":\"Services\",\"type\":\"section\",\"props\":{\"animation\":\"fade\",\"image_position\":\"center-center\",\"padding\":\"large\",\"padding_remove_bottom\":true,\"style\":\"default\",\"title_breakpoint\":\"xl\",\"title_position\":\"top-left\",\"title_rotation\":\"left\",\"vertical_align\":\"\",\"width\":\"large\"},\"children\":[{\"type\":\"row\",\"props\":{\"column_gap\":\"collapse\",\"margin\":\"medium\",\"row_gap\":\"collapse\"},\"children\":[{\"type\":\"column\",\"props\":{\"image_position\":\"center-center\",\"position_sticky_breakpoint\":\"m\",\"width_medium\":\"1-1\"},\"children\":[{\"type\":\"headline\",\"props\":{\"content\":\"TARIEVEN VOOR TWEE PERSONEN\",\"title_color\":\"success\",\"title_element\":\"h2\",\"title_style\":\"heading-small\"}},{\"type\":\"headline\",\"props\":{\"content\":\"TOESLAGEN PER NACHT\",\"margin_remove_bottom\":false,\"margin_remove_top\":true,\"title_color\":\"primary\",\"title_element\":\"h3\"}}]}]},{\"type\":\"row\",\"props\":{\"column_gap\":\"large\",\"divider\":false,\"layout\":\"1-2,1-2\",\"margin\":\"medium\",\"row_gap\":\"large\"},\"children\":[{\"type\":\"column\",\"props\":{\"image_position\":\"center-center\",\"position_sticky_breakpoint\":\"m\",\"width_medium\":\"1-2\"},\"children\":[{\"type\":\"description_list\",\"props\":{\"column_breakpoint\":\"m\",\"layout\":\"grid-2-m\",\"list_element\":\"ul\",\"list_size\":\"large\",\"margin_remove_top\":true,\"meta_align\":\"below-content\",\"meta_color\":\"primary\",\"meta_style\":\"\",\"show_content\":true,\"show_link\":true,\"show_meta\":true,\"show_title\":true,\"title_colon\":false,\"title_element\":\"div\",\"title_grid_column_gap\":\"small\",\"title_grid_row_gap\":\"small\",\"title_grid_width\":\"expand\",\"title_leader\":true,\"title_style\":\"h5\"},\"children\":[{\"type\":\"description_list_item\",\"props\":{\"content\":\"\",\"meta\":\"0.50 \\u20ac\",\"title\":\"ECOTAKS (PER PERSOON PER NACHT)\"}},{\"type\":\"description_list_item\",\"props\":{\"content\":\"\",\"meta\":\"0.45 \\u20ac\",\"title\":\"VERBLIJFSTAKS (PER VOLWASSENE PER NACHT)\"}},{\"type\":\"description_list_item\",\"props\":{\"content\":\"\",\"meta\":\"Gratis\",\"title\":\"KIND JONGER DAN 18 MAAND\"}},{\"type\":\"description_list_item\",\"props\":{\"content\":\"\",\"meta\":\"4.00 \\u20ac\",\"title\":\"KIND JONGER DAN 10 JAAR\"}},{\"type\":\"description_list_item\",\"props\":{\"content\":\"\",\"meta\":\"6.00 \\u20ac\",\"title\":\"KIND MEER DAN 10 JAAR OUD\"}}]}]},{\"type\":\"column\",\"props\":{\"image_position\":\"center-center\",\"position_sticky_breakpoint\":\"m\",\"width_medium\":\"1-2\"},\"children\":[{\"type\":\"description_list\",\"props\":{\"column_breakpoint\":\"m\",\"layout\":\"grid-2-m\",\"list_element\":\"ul\",\"list_size\":\"large\",\"margin_remove_top\":false,\"meta_align\":\"below-content\",\"meta_color\":\"primary\",\"meta_style\":\"\",\"show_content\":true,\"show_link\":true,\"show_meta\":true,\"show_title\":true,\"title_colon\":false,\"title_element\":\"div\",\"title_grid_column_gap\":\"small\",\"title_grid_row_gap\":\"small\",\"title_grid_width\":\"expand\",\"title_leader\":true,\"title_style\":\"h5\"},\"children\":[{\"type\":\"description_list_item\",\"props\":{\"content\":\"\",\"meta\":\"2.00 \\u20ac \\\/dag\",\"title\":\"DIER\"}},{\"type\":\"description_list_item\",\"props\":{\"content\":\"\",\"meta\":\"4.00 \\u20ac \\\/dag\",\"title\":\"Barbecue\"}},{\"type\":\"description_list_item\",\"props\":{\"content\":\"\",\"meta\":\"3.00 \\u20ac \\\/dag\",\"title\":\"ELECTRISCHE ADAPTER\"}}]}]}]},{\"type\":\"row\",\"props\":{\"row_gap\":\"large\"},\"children\":[{\"type\":\"column\",\"props\":{\"image_position\":\"center-center\",\"position_sticky_breakpoint\":\"m\"},\"children\":[{\"type\":\"text\",\"props\":{\"column_breakpoint\":\"m\",\"content\":\"\n\n<p>Haardrogers en strijkijzers zijn beschikbaar aan het onthaal.<\\\/p>\",\"margin\":\"default\"},\"name\":\"Services - More\"}]}]}]}],\"version\":\"4.5.11\"} --><\/p>\n","protected":false},"excerpt":{"rendered":"<p>IN ALLE RUST EN MIDDEN IN DE NATUUR DE STAANPLAATSEN EEN FAMILIALE CAMPING INDORDOGNE PERIGORD VERT 34 RUIME STAANPLAATSEN De camping des Tourbi\u00e8res ligt aan de poort van het \u201cParc Naturel R\u00e9gional Limousin\u201d en van de site \u201cNatura 2000 des Tourbi\u00e8res de Vendoire\u201d. De camping beschikt over een ruime keuze aan grote staanplaatsen van 100 [&hellip;]<\/p>\n","protected":false},"author":1,"featured_media":0,"parent":0,"menu_order":0,"comment_status":"closed","ping_status":"closed","template":"","meta":{"footnotes":""},"class_list":["post-2896","page","type-page","status-publish","hentry"],"yoast_head":"<!-- This site is optimized with the Yoast SEO plugin v27.6 - https:\/\/yoast.com\/product\/yoast-seo-wordpress\/ -->\n<title>Staanplaatsen - Camping des Tourbi\u00e8res<\/title>\n<meta name=\"description\" content=\"Le camping des tourbi\u00e8res vous pr\u00e9sente ses diff\u00e9rents emplacements ainsi que leurs avantages.\" \/>\n<meta name=\"robots\" content=\"index, follow, max-snippet:-1, max-image-preview:large, max-video-preview:-1\" \/>\n<link rel=\"canonical\" href=\"https:\/\/www.camping-des-tourbieres.com\/nl\/staanplaatsen\/\" \/>\n<meta property=\"og:locale\" content=\"nl_NL\" \/>\n<meta property=\"og:type\" content=\"article\" \/>\n<meta property=\"og:title\" content=\"Staanplaatsen - Camping des Tourbi\u00e8res\" \/>\n<meta property=\"og:description\" content=\"Le camping des tourbi\u00e8res vous pr\u00e9sente ses diff\u00e9rents emplacements ainsi que leurs avantages.\" \/>\n<meta property=\"og:url\" content=\"https:\/\/www.camping-des-tourbieres.com\/nl\/staanplaatsen\/\" \/>\n<meta property=\"og:site_name\" content=\"Camping des Tourbi\u00e8res\" \/>\n<meta property=\"article:modified_time\" content=\"2025-04-28T06:43:32+00:00\" \/>\n<meta name=\"twitter:card\" content=\"summary_large_image\" \/>\n<meta name=\"twitter:label1\" content=\"Est. reading time\" \/>\n\t<meta name=\"twitter:data1\" content=\"2 minutes\" \/>\n<script type=\"application\/ld+json\" class=\"yoast-schema-graph\">{\"@context\":\"https:\\\/\\\/schema.org\",\"@graph\":[{\"@type\":\"WebPage\",\"@id\":\"https:\\\/\\\/www.camping-des-tourbieres.com\\\/nl\\\/staanplaatsen\\\/\",\"url\":\"https:\\\/\\\/www.camping-des-tourbieres.com\\\/nl\\\/staanplaatsen\\\/\",\"name\":\"Staanplaatsen - Camping des Tourbi\u00e8res\",\"isPartOf\":{\"@id\":\"https:\\\/\\\/www.camping-des-tourbieres.com\\\/nl\\\/#website\"},\"datePublished\":\"2023-12-05T08:51:55+00:00\",\"dateModified\":\"2025-04-28T06:43:32+00:00\",\"description\":\"Le camping des tourbi\u00e8res vous pr\u00e9sente ses diff\u00e9rents emplacements ainsi que leurs avantages.\",\"inLanguage\":\"nl-NL\",\"potentialAction\":[{\"@type\":\"ReadAction\",\"target\":[\"https:\\\/\\\/www.camping-des-tourbieres.com\\\/nl\\\/staanplaatsen\\\/\"]}]},{\"@type\":\"WebSite\",\"@id\":\"https:\\\/\\\/www.camping-des-tourbieres.com\\\/nl\\\/#website\",\"url\":\"https:\\\/\\\/www.camping-des-tourbieres.com\\\/nl\\\/\",\"name\":\"Camping des Tourbi\u00e8res\",\"description\":\"\",\"potentialAction\":[{\"@type\":\"SearchAction\",\"target\":{\"@type\":\"EntryPoint\",\"urlTemplate\":\"https:\\\/\\\/www.camping-des-tourbieres.com\\\/nl\\\/?s={search_term_string}\"},\"query-input\":{\"@type\":\"PropertyValueSpecification\",\"valueRequired\":true,\"valueName\":\"search_term_string\"}}],\"inLanguage\":\"nl-NL\"}]}<\/script>\n<!-- \/ Yoast SEO plugin. -->","yoast_head_json":{"title":"Staanplaatsen - Camping des Tourbi\u00e8res","description":"Le camping des tourbi\u00e8res vous pr\u00e9sente ses diff\u00e9rents emplacements ainsi que leurs avantages.","robots":{"index":"index","follow":"follow","max-snippet":"max-snippet:-1","max-image-preview":"max-image-preview:large","max-video-preview":"max-video-preview:-1"},"canonical":"https:\/\/www.camping-des-tourbieres.com\/nl\/staanplaatsen\/","og_locale":"nl_NL","og_type":"article","og_title":"Staanplaatsen - Camping des Tourbi\u00e8res","og_description":"Le camping des tourbi\u00e8res vous pr\u00e9sente ses diff\u00e9rents emplacements ainsi que leurs avantages.","og_url":"https:\/\/www.camping-des-tourbieres.com\/nl\/staanplaatsen\/","og_site_name":"Camping des Tourbi\u00e8res","article_modified_time":"2025-04-28T06:43:32+00:00","twitter_card":"summary_large_image","twitter_misc":{"Est. reading time":"2 minutes"},"schema":{"@context":"https:\/\/schema.org","@graph":[{"@type":"WebPage","@id":"https:\/\/www.camping-des-tourbieres.com\/nl\/staanplaatsen\/","url":"https:\/\/www.camping-des-tourbieres.com\/nl\/staanplaatsen\/","name":"Staanplaatsen - Camping des Tourbi\u00e8res","isPartOf":{"@id":"https:\/\/www.camping-des-tourbieres.com\/nl\/#website"},"datePublished":"2023-12-05T08:51:55+00:00","dateModified":"2025-04-28T06:43:32+00:00","description":"Le camping des tourbi\u00e8res vous pr\u00e9sente ses diff\u00e9rents emplacements ainsi que leurs avantages.","inLanguage":"nl-NL","potentialAction":[{"@type":"ReadAction","target":["https:\/\/www.camping-des-tourbieres.com\/nl\/staanplaatsen\/"]}]},{"@type":"WebSite","@id":"https:\/\/www.camping-des-tourbieres.com\/nl\/#website","url":"https:\/\/www.camping-des-tourbieres.com\/nl\/","name":"Camping des Tourbi\u00e8res","description":"","potentialAction":[{"@type":"SearchAction","target":{"@type":"EntryPoint","urlTemplate":"https:\/\/www.camping-des-tourbieres.com\/nl\/?s={search_term_string}"},"query-input":{"@type":"PropertyValueSpecification","valueRequired":true,"valueName":"search_term_string"}}],"inLanguage":"nl-NL"}]}},"_links":{"self":[{"href":"https:\/\/www.camping-des-tourbieres.com\/nl\/wp-json\/wp\/v2\/pages\/2896","targetHints":{"allow":["GET"]}}],"collection":[{"href":"https:\/\/www.camping-des-tourbieres.com\/nl\/wp-json\/wp\/v2\/pages"}],"about":[{"href":"https:\/\/www.camping-des-tourbieres.com\/nl\/wp-json\/wp\/v2\/types\/page"}],"author":[{"embeddable":true,"href":"https:\/\/www.camping-des-tourbieres.com\/nl\/wp-json\/wp\/v2\/users\/1"}],"replies":[{"embeddable":true,"href":"https:\/\/www.camping-des-tourbieres.com\/nl\/wp-json\/wp\/v2\/comments?post=2896"}],"version-history":[{"count":19,"href":"https:\/\/www.camping-des-tourbieres.com\/nl\/wp-json\/wp\/v2\/pages\/2896\/revisions"}],"predecessor-version":[{"id":3996,"href":"https:\/\/www.camping-des-tourbieres.com\/nl\/wp-json\/wp\/v2\/pages\/2896\/revisions\/3996"}],"wp:attachment":[{"href":"https:\/\/www.camping-des-tourbieres.com\/nl\/wp-json\/wp\/v2\/media?parent=2896"}],"curies":[{"name":"wp","href":"https:\/\/api.w.org\/{rel}","templated":true}]}}