{"id":2901,"date":"2023-12-05T08:52:33","date_gmt":"2023-12-05T08:52:33","guid":{"rendered":"https:\/\/www.camping-des-tourbieres.com\/huttes\/"},"modified":"2026-04-27T15:56:37","modified_gmt":"2026-04-27T15:56:37","slug":"huttes","status":"publish","type":"page","link":"https:\/\/www.camping-des-tourbieres.com\/en\/huttes\/","title":{"rendered":"Cabins"},"content":{"rendered":"<p><img decoding=\"async\" src=\"\/wp-content\/uploads\/divider.svg\" alt=\"\"><\/p>\n<div>SMALL CABINS WITH A CAMPING ATMOSPHERE<\/div>\n<h1>WOODEN CABINS<\/h1>\n<p><img decoding=\"async\" src=\"\/wp-content\/uploads\/divider.svg\" alt=\"\"><\/p>\n<hr>\n<h2>THE CABINS<\/h2>\n<div>ACCOMMODATION FOR 2 TO 4 PEOPLE<\/div>\n<div>\n<p>Are you looking for an original way to spend your holiday? Then we offer you our cabins located in the wooded heart of the Tourbi\u00e8res.<\/p>\n<p>These cabins are a compromise between the comfort of a camper and the fun of camping. Take a seat on the shaded terrace and enjoy the peace and quiet during this budget-friendly holiday.<\/p>\n<\/div>\n<div>\n<p>    <img decoding=\"async\" src=\"\/wp-content\/uploads\/hutte-2-1.jpg\" alt=\"Hutte en bois\"><\/p>\n<\/div>\n<p><img decoding=\"async\" src=\"\/wp-content\/uploads\/hutte-bois.jpg\" alt=\"Vue ext\u00e9rieur d'une hutte en bois\"><br \/>\n<img decoding=\"async\" src=\"\/wp-content\/uploads\/hutte-bois-3.jpg\" alt=\"Vue int\u00e9rieur d'une hutte en bois\"><br \/>\n<img decoding=\"async\" src=\"\/wp-content\/uploads\/hutte-bois-2.jpg\" alt=\"Vue int\u00e9rieur d'une tente Safari\"><br \/>\n<img decoding=\"async\" src=\"\/wp-content\/uploads\/hutte-bois-4.jpg\" alt=\"Vue int\u00e9rieur d'une hutte en bois\"><\/p>\n<ul>\n<li>\n<div>\n<p><strong>For 2 to 4 people.<\/strong><\/p>\n<\/div>\n<\/li>\n<li>\n<div>\n<p><strong>Living room with kitchen: <\/strong><br \/>Refrigerator, coffee maker, gas stove with 2 burners, dishwashing kit, folding table.<\/p>\n<\/div>\n<\/li>\n<li>\n<div>\n<p><strong>Room 1: <\/strong><br \/>1 double bed 140 x 190.<\/p>\n<\/div>\n<\/li>\n<li>\n<div>\n<p><strong>Room 2:<\/strong> <br \/>1 bunk bed with two mattresses 80 x 190.<br \/>\nDuvets, blankets and pillows available.<\/p>\n<\/div>\n<\/li>\n<li>\n<div>\n<p><strong>Without sanitary facilities.<\/strong><\/p>\n<\/div>\n<\/li>\n<li>\n<div>\n<p><strong>Water point nearby.<\/strong><\/p>\n<\/div>\n<\/li>\n<li>\n<div>\n<p><strong>Covered terrace<\/strong> <br \/>Outdoor table with chairs. <br \/>Washing thread.<br \/>Sunbed.<\/p>\n<\/div>\n<\/li>\n<\/ul>\n<hr>\n<h2>RATES FOR TWO PERSONS<\/h2>\n<h3>THE LITTLE +SES FOR YOUR STAY<\/h3>\n<ul>\n<li>\n<h3>RENT LINEN FOR A DOUBLE BED <\/h3>\n<p>15.00 \u20ac<\/p>\n<\/li>\n<li>\n<h3>RENT LINEN FOR A SINGLE BED <\/h3>\n<p>12.00 \u20ac<\/p>\n<\/li>\n<li>\n<h3>RENT BATH TOWELS: 1 LARGE AND 1 SMALL <\/h3>\n<p>8.00 \u20ac<\/p>\n<\/li>\n<\/ul>\n<ul>\n<li>\n<h3>Household without sanitary facilities<\/h3>\n<p>60.00 \u20ac<\/p>\n<\/li>\n<li>\n<h3>Household with sanitary facilities<\/h3>\n<p>90.00 \u20ac<\/p>\n<\/li>\n<\/ul>\n<ul>\n<li>\n<h3>Animal<\/h3>\n<p>4.00 \u20ac \/day<\/p>\n<\/li>\n<li>\n<h3>Barbecue<\/h3>\n<p>2.00 \u20ac \/day<\/p>\n<\/li>\n<li>\n<h3>BABY KIT (CRIB, BABY CHAIR, LOUNGE CHAIR, CHANGE TABLE) <\/h3>\n<p>3.00 \u20ac \/day<\/p>\n<\/li>\n<\/ul>\n<div>\n<p>Hairdryers and irons are available at reception.<\/p>\n<\/div>\n<p><!--more--><br \/>\n<!-- {\"type\":\"layout\",\"children\":[{\"name\":\"Hero\",\"type\":\"section\",\"props\":{\"header_transparent\":true,\"header_transparent_noplaceholder\":true,\"header_transparent_text_color\":\"dark\",\"height\":\"viewport\",\"height_offset_top\":true,\"height_viewport\":80,\"image\":\"wp-content\\\/uploads\\\/hutte.jpg\",\"image_position\":\"center-center\",\"image_size\":\"cover\",\"media_overlay\":\"rgba(29, 18, 18, 0.38)\",\"overlap\":true,\"padding_remove_top\":false,\"style\":\"primary\",\"title_breakpoint\":\"xl\",\"title_position\":\"top-left\",\"title_rotation\":\"left\",\"vertical_align\":\"middle\",\"width\":\"large\"},\"children\":[{\"type\":\"row\",\"children\":[{\"type\":\"column\",\"props\":{\"image_position\":\"center-center\",\"position_sticky_breakpoint\":\"m\",\"width_medium\":\"1-1\"},\"children\":[{\"type\":\"image\",\"props\":{\"class\":\"cdt-center-heading\",\"css\":\".el-element{\\n\\tmargin-top:80px;\\n}\",\"image\":\"wp-content\\\/uploads\\\/divider.svg\",\"image_loading\":true,\"image_svg_color\":\"emphasis\",\"image_svg_inline\":true,\"margin\":\"default\",\"text_align\":\"center\"},\"name\":\"Divider Image\"},{\"type\":\"headline\",\"props\":{\"content\":\"SMALL CABINS WITH A CAMPING ATMOSPHERE\",\"margin\":\"small\",\"margin_remove_bottom\":true,\"parallax_breakpoint\":\"m\",\"parallax_easing\":\"0.8\",\"parallax_end\":\"5vh + 5%\",\"parallax_opacity\":\"1,0\",\"parallax_y\":\"0,60\",\"text_align\":\"center\",\"title_element\":\"div\",\"title_style\":\"h4\"}},{\"type\":\"headline\",\"props\":{\"content\":\"WOODEN CABINS\",\"css\":\"@media screen and (max-width:640px){\\n    .el-element{\\n        font-size:44px;\\n    }\\n}\",\"margin_remove_top\":true,\"parallax_breakpoint\":\"m\",\"parallax_easing\":\"0.8\",\"parallax_end\":\"5vh + 5%\",\"parallax_opacity\":\"1,0\",\"parallax_y\":\"0,60\",\"text_align\":\"center\",\"title_element\":\"h1\",\"title_style\":\"heading-xlarge\"}},{\"type\":\"image\",\"props\":{\"image\":\"wp-content\\\/uploads\\\/divider.svg\",\"image_loading\":true,\"image_svg_color\":\"emphasis\",\"image_svg_inline\":true,\"margin\":\"default\",\"text_align\":\"center\"},\"name\":\"Divider Image\"}]}]}]},{\"name\":\"Dormir - Single\",\"type\":\"section\",\"props\":{\"animation\":\"fade\",\"image_position\":\"center-center\",\"padding\":\"large\",\"style\":\"default\",\"title_breakpoint\":\"xl\",\"title_position\":\"top-left\",\"title_rotation\":\"left\",\"vertical_align\":\"\",\"width\":\"large\"},\"children\":[{\"type\":\"row\",\"props\":{\"layout\":\"1-2,1-2\",\"margin\":\"large\",\"row_gap\":\"medium\"},\"children\":[{\"type\":\"column\",\"props\":{\"image_position\":\"center-center\",\"position_sticky_breakpoint\":\"m\",\"vertical_align\":\"middle\",\"width_medium\":\"1-2\"},\"children\":[{\"type\":\"divider\",\"props\":{\"divider_element\":\"hr\",\"divider_style\":\"small\",\"margin_remove_bottom\":true}},{\"type\":\"headline\",\"props\":{\"content\":\"THE CABINS\",\"title_element\":\"h2\",\"title_style\":\"heading-medium\"}},{\"type\":\"headline\",\"props\":{\"content\":\"ACCOMMODATION FOR 2 TO 4 PEOPLE\",\"margin_remove_top\":true,\"title_color\":\"primary\",\"title_element\":\"div\",\"title_style\":\"h3\"}},{\"type\":\"text\",\"props\":{\"column_breakpoint\":\"m\",\"content\":\"\n\n<p>Are you looking for an original way to spend your holiday? Then we offer you our cabins located in the wooded heart of the Tourbi\\u00e8res.<\\\/p>\\n\n\n<p>These cabins are a compromise between the comfort of a camper and the fun of camping. Take a seat on the shaded terrace and enjoy the peace and quiet during this budget-friendly holiday.<\\\/p>\",\"margin\":\"medium\",\"maxwidth\":\"xlarge\"}}]},{\"type\":\"column\",\"props\":{\"image_position\":\"center-center\",\"position_sticky_breakpoint\":\"m\",\"width_medium\":\"1-2\"},\"children\":[{\"type\":\"slideshow\",\"props\":{\"class\":\"dbc-img\",\"image_width\":\"920\",\"link_style\":\"default\",\"link_text\":\"Read more\",\"margin\":\"default\",\"meta_align\":\"below-title\",\"meta_element\":\"div\",\"meta_style\":\"text-meta\",\"nav\":\"dotnav\",\"nav_align\":\"center\",\"nav_below\":false,\"nav_breakpoint\":\"s\",\"nav_position\":\"bottom-left\",\"nav_position_margin\":\"medium\",\"overlay_animation\":\"parallax\",\"overlay_position\":\"center-left\",\"show_content\":true,\"show_link\":true,\"show_meta\":true,\"show_thumbnail\":true,\"show_title\":true,\"slidenav\":\"\",\"slidenav_breakpoint\":\"s\",\"slidenav_margin\":\"medium\",\"slidenav_outside_breakpoint\":\"xl\",\"slideshow_autoplay\":true,\"slideshow_autoplay_pause\":true,\"slideshow_min_height\":300,\"slideshow_ratio\":\"1200:900\",\"text_color\":\"light\",\"thumbnav_height\":\"75\",\"thumbnav_svg_color\":\"emphasis\",\"thumbnav_width\":\"100\",\"title_element\":\"h3\",\"title_hover_style\":\"reset\"},\"children\":[{\"type\":\"slideshow_item\",\"props\":{\"image\":\"wp-content\\\/uploads\\\/hutte-2-1.jpg\",\"image_alt\":\"Hutte en bois\"}}]}]}]},{\"type\":\"row\",\"props\":{\"column_gap\":\"medium\",\"divider\":false,\"layout\":\"1-4,1-4,1-2|1-2,1-2,1-1\",\"margin\":\"large\",\"row_gap\":\"medium\"},\"children\":[{\"type\":\"column\",\"props\":{\"image_position\":\"center-center\",\"position_sticky_breakpoint\":\"m\",\"width_medium\":\"1-3\",\"width_small\":\"1-2\"},\"children\":[{\"type\":\"image\",\"props\":{\"class\":\"dbc-img\",\"image\":\"wp-content\\\/uploads\\\/hutte-bois.jpg\",\"image_alt\":\"Vue ext\\u00e9rieur d'une hutte en bois\",\"image_height\":\"500\",\"image_svg_color\":\"emphasis\",\"image_width\":\"600\",\"lightbox_width\":\"920\",\"link_target\":\"modal\",\"margin\":\"default\"}},{\"type\":\"image\",\"props\":{\"class\":\"dbc-img\",\"image\":\"wp-content\\\/uploads\\\/hutte-bois-3.jpg\",\"image_alt\":\"Vue int\\u00e9rieur d'une hutte en bois\",\"image_height\":\"500\",\"image_svg_color\":\"emphasis\",\"image_width\":\"600\",\"lightbox_width\":\"920\",\"link_target\":\"modal\",\"margin\":\"default\"}}]},{\"type\":\"column\",\"props\":{\"image_position\":\"center-center\",\"position_sticky_breakpoint\":\"m\",\"width_medium\":\"1-3\",\"width_small\":\"1-2\"},\"children\":[{\"type\":\"image\",\"props\":{\"class\":\"dbc-img\",\"image\":\"wp-content\\\/uploads\\\/hutte-bois-2.jpg\",\"image_alt\":\"Vue int\\u00e9rieur d'une tente Safari\",\"image_height\":\"500\",\"image_svg_color\":\"emphasis\",\"image_width\":\"600\",\"lightbox_width\":\"920\",\"link_target\":\"modal\",\"margin\":\"default\"}},{\"type\":\"image\",\"props\":{\"class\":\"dbc-img\",\"image\":\"wp-content\\\/uploads\\\/hutte-bois-4.jpg\",\"image_alt\":\"Vue int\\u00e9rieur d'une hutte en bois\",\"image_height\":\"500\",\"image_svg_color\":\"emphasis\",\"image_width\":\"600\",\"lightbox_width\":\"920\",\"link_target\":\"modal\",\"margin\":\"default\"}}]},{\"type\":\"column\",\"props\":{\"image_position\":\"center-center\",\"padding\":\"small\",\"position_sticky_breakpoint\":\"m\",\"style\":\"tile-primary\",\"vertical_align\":\"middle\",\"width_medium\":\"1-3\",\"width_small\":\"1-1\"},\"children\":[{\"type\":\"list\",\"props\":{\"block_align\":\"center\",\"class\":\"uk-text-emphasis\",\"column_breakpoint\":\"m\",\"image_align\":\"left\",\"image_svg_color\":\"emphasis\",\"image_vertical_align\":true,\"list_element\":\"ul\",\"list_horizontal_separator\":\", \",\"list_marker\":\"bullet\",\"list_type\":\"vertical\",\"margin\":\"medium\",\"maxwidth\":\"large\",\"maxwidth_breakpoint\":\"m\",\"show_image\":true,\"show_link\":true},\"children\":[{\"type\":\"list_item\",\"props\":{\"content\":\"\n\n<p><strong>For 2 to 4 people.<\\\/strong><\\\/p>\"}},{\"type\":\"list_item\",\"props\":{\"content\":\"\n\n<p><strong>Living room with kitchen: <\\\/strong><br \\\/>Refrigerator, coffee maker, gas stove with 2 burners, dishwashing kit, folding table.<\\\/p>\"}},{\"type\":\"list_item\",\"props\":{\"content\":\"\n\n<p><strong>Room 1: <\\\/strong><br \\\/>1 double bed 140 x 190.<\\\/p>\"}},{\"type\":\"list_item\",\"props\":{\"content\":\"\n\n<p><strong>Room 2:<\\\/strong> <br \\\/>1 bunk bed with two mattresses 80 x 190.<br\\\/>\\nDuvets, blankets and pillows available.<\\\/p>\"}},{\"type\":\"list_item\",\"props\":{\"content\":\"\n\n<p><strong>Without sanitary facilities.<\\\/strong><\\\/p>\"}},{\"type\":\"list_item\",\"props\":{\"content\":\"\n\n<p><strong>Water point nearby.<\\\/strong><\\\/p>\"}},{\"type\":\"list_item\",\"props\":{\"content\":\"\n\n<p><strong>Covered terrace<\\\/strong> <br \\\/>Outdoor table with chairs. <br \\\/>Washing thread.<br\\\/>Sunbed.<\\\/p>\"}}]}]}]}]},{\"name\":\"Divider\",\"type\":\"section\",\"props\":{\"image_effect\":\"parallax\",\"image_parallax_bgy\":\"50,-50\",\"image_parallax_easing\":\"1\",\"image_position\":\"center-center\",\"image_size\":\"cover\",\"image_width\":\"2560\",\"padding\":\"xsmall\",\"style\":\"default\",\"title_breakpoint\":\"xl\",\"title_position\":\"top-left\",\"title_rotation\":\"left\",\"vertical_align\":\"\",\"width\":\"large\"},\"children\":[{\"type\":\"row\",\"children\":[{\"type\":\"column\",\"props\":{\"image_position\":\"center-center\",\"position_sticky_breakpoint\":\"m\",\"width_medium\":\"1-1\"},\"children\":[{\"type\":\"divider\",\"props\":{\"divider_element\":\"hr\",\"divider_style\":\"icon\",\"margin\":\"xlarge\"}}]}]}]},{\"name\":\"Services - ANG\",\"type\":\"section\",\"props\":{\"animation\":\"fade\",\"image_position\":\"center-center\",\"padding\":\"large\",\"padding_remove_bottom\":true,\"style\":\"default\",\"title_breakpoint\":\"xl\",\"title_position\":\"top-left\",\"title_rotation\":\"left\",\"vertical_align\":\"\",\"width\":\"large\"},\"children\":[{\"type\":\"row\",\"props\":{\"column_gap\":\"collapse\",\"margin\":\"medium\",\"row_gap\":\"collapse\"},\"children\":[{\"type\":\"column\",\"props\":{\"image_position\":\"center-center\",\"position_sticky_breakpoint\":\"m\",\"width_medium\":\"1-1\"},\"children\":[{\"type\":\"headline\",\"props\":{\"content\":\"RATES FOR TWO PERSONS\",\"title_color\":\"success\",\"title_element\":\"h2\",\"title_style\":\"heading-small\"},\"name\":\"Services - Headline\"}]}]},{\"type\":\"row\",\"props\":{\"column_gap\":\"collapse\",\"margin\":\"medium\",\"row_gap\":\"collapse\"},\"children\":[{\"type\":\"column\",\"props\":{\"image_position\":\"center-center\",\"position_sticky_breakpoint\":\"m\",\"width_medium\":\"1-1\"},\"children\":[{\"type\":\"headline\",\"props\":{\"content\":\"THE LITTLE +SES FOR YOUR STAY\",\"margin_remove_bottom\":false,\"margin_remove_top\":true,\"title_color\":\"primary\",\"title_element\":\"h3\"}}]}]},{\"type\":\"row\",\"props\":{\"column_gap\":\"large\",\"divider\":false,\"layout\":\"1-2,1-2\",\"margin\":\"medium\",\"row_gap\":\"large\"},\"children\":[{\"type\":\"column\",\"props\":{\"image_position\":\"center-center\",\"position_sticky_breakpoint\":\"m\",\"width_medium\":\"1-2\"},\"children\":[{\"type\":\"description_list\",\"props\":{\"column_breakpoint\":\"m\",\"layout\":\"grid-2-m\",\"list_element\":\"ul\",\"list_size\":\"large\",\"margin_remove_top\":true,\"meta_align\":\"below-content\",\"meta_color\":\"primary\",\"meta_style\":\"\",\"show_content\":true,\"show_link\":true,\"show_meta\":true,\"show_title\":true,\"title_colon\":false,\"title_element\":\"div\",\"title_grid_column_gap\":\"small\",\"title_grid_row_gap\":\"small\",\"title_grid_width\":\"expand\",\"title_leader\":true,\"title_style\":\"h5\"},\"children\":[{\"type\":\"description_list_item\",\"props\":{\"content\":\"\",\"meta\":\"15.00 \\u20ac\",\"title\":\"RENT LINEN FOR A DOUBLE BED \"}},{\"type\":\"description_list_item\",\"props\":{\"content\":\"\",\"meta\":\"12.00 \\u20ac\",\"title\":\"RENT LINEN FOR A SINGLE BED \"}},{\"type\":\"description_list_item\",\"props\":{\"content\":\"\",\"meta\":\"8.00 \\u20ac\",\"title\":\"RENT BATH TOWELS: 1 LARGE AND 1 SMALL \"}}]}]},{\"type\":\"column\",\"props\":{\"image_position\":\"center-center\",\"position_sticky_breakpoint\":\"m\",\"width_medium\":\"1-2\"},\"children\":[{\"type\":\"description_list\",\"props\":{\"column_breakpoint\":\"m\",\"layout\":\"grid-2-m\",\"list_element\":\"ul\",\"list_size\":\"large\",\"margin_remove_top\":false,\"meta_align\":\"below-content\",\"meta_color\":\"primary\",\"meta_style\":\"\",\"show_content\":true,\"show_link\":true,\"show_meta\":true,\"show_title\":true,\"title_colon\":false,\"title_element\":\"div\",\"title_grid_column_gap\":\"small\",\"title_grid_row_gap\":\"small\",\"title_grid_width\":\"expand\",\"title_leader\":true,\"title_style\":\"h5\"},\"children\":[{\"type\":\"description_list_item\",\"props\":{\"content\":\"\",\"meta\":\"60.00 \\u20ac\",\"title\":\"Household without sanitary facilities\"}},{\"type\":\"description_list_item\",\"props\":{\"content\":\"\",\"meta\":\"90.00 \\u20ac\",\"title\":\"Household with sanitary facilities\"}}]}]}]},{\"type\":\"row\",\"children\":[{\"type\":\"column\",\"props\":{\"image_position\":\"center-center\",\"position_sticky_breakpoint\":\"m\"},\"children\":[{\"type\":\"description_list\",\"props\":{\"column_breakpoint\":\"m\",\"layout\":\"grid-2-m\",\"list_element\":\"ul\",\"list_size\":\"large\",\"margin_remove_top\":false,\"meta_align\":\"below-content\",\"meta_color\":\"primary\",\"meta_style\":\"\",\"show_content\":true,\"show_link\":true,\"show_meta\":true,\"show_title\":true,\"title_colon\":false,\"title_element\":\"div\",\"title_grid_column_gap\":\"small\",\"title_grid_row_gap\":\"small\",\"title_grid_width\":\"expand\",\"title_leader\":true,\"title_style\":\"h5\"},\"children\":[{\"type\":\"description_list_item\",\"props\":{\"content\":\"\",\"meta\":\"4.00 \\u20ac \\\/day\",\"title\":\"Animal\"}},{\"type\":\"description_list_item\",\"props\":{\"content\":\"\",\"meta\":\"2.00 \\u20ac \\\/day\",\"title\":\"Barbecue\"}},{\"type\":\"description_list_item\",\"props\":{\"content\":\"\",\"meta\":\"3.00 \\u20ac \\\/day\",\"title\":\"BABY KIT (CRIB, BABY CHAIR, LOUNGE CHAIR, CHANGE TABLE) \"}}]}]}]},{\"type\":\"row\",\"props\":{\"row_gap\":\"large\"},\"children\":[{\"type\":\"column\",\"props\":{\"image_position\":\"center-center\",\"position_sticky_breakpoint\":\"m\"},\"children\":[{\"type\":\"text\",\"props\":{\"column_breakpoint\":\"m\",\"content\":\"\n\n<p>Hairdryers and irons are available at reception.<\\\/p>\",\"margin\":\"default\"}}]}]}]}],\"version\":\"4.5.32\"} --><\/p>\n","protected":false},"excerpt":{"rendered":"<p>SMALL CABINS WITH A CAMPING ATMOSPHERE WOODEN CABINS THE CABINS ACCOMMODATION FOR 2 TO 4 PEOPLE Are you looking for an original way to spend your holiday? Then we offer you our cabins located in the wooded heart of the Tourbi\u00e8res. These cabins are a compromise between the comfort of a camper and the fun [&hellip;]<\/p>\n","protected":false},"author":1,"featured_media":0,"parent":0,"menu_order":0,"comment_status":"closed","ping_status":"closed","template":"","meta":{"footnotes":""},"class_list":["post-2901","page","type-page","status-publish","hentry"],"yoast_head":"<!-- This site is optimized with the Yoast SEO plugin v27.6 - https:\/\/yoast.com\/product\/yoast-seo-wordpress\/ -->\n<title>Cabins - Camping des Tourbi\u00e8res<\/title>\n<meta name=\"description\" content=\"Camping des Tourbi\u00e8res : D\u00e9couvrez les diff\u00e9rentes Huttes en bois \u00e0 votre disposition\" \/>\n<meta name=\"robots\" content=\"index, follow, max-snippet:-1, max-image-preview:large, max-video-preview:-1\" \/>\n<link rel=\"canonical\" href=\"https:\/\/www.camping-des-tourbieres.com\/en\/huttes\/\" \/>\n<meta property=\"og:locale\" content=\"en_US\" \/>\n<meta property=\"og:type\" content=\"article\" \/>\n<meta property=\"og:title\" content=\"Cabins - Camping des Tourbi\u00e8res\" \/>\n<meta property=\"og:description\" content=\"Camping des Tourbi\u00e8res : D\u00e9couvrez les diff\u00e9rentes Huttes en bois \u00e0 votre disposition\" \/>\n<meta property=\"og:url\" content=\"https:\/\/www.camping-des-tourbieres.com\/en\/huttes\/\" \/>\n<meta property=\"og:site_name\" content=\"Camping des Tourbi\u00e8res\" \/>\n<meta property=\"article:modified_time\" content=\"2026-04-27T15:56:37+00:00\" \/>\n<meta name=\"twitter:card\" content=\"summary_large_image\" \/>\n<meta name=\"twitter:label1\" content=\"Est. reading time\" \/>\n\t<meta name=\"twitter:data1\" content=\"2 minutes\" \/>\n<script type=\"application\/ld+json\" class=\"yoast-schema-graph\">{\"@context\":\"https:\\\/\\\/schema.org\",\"@graph\":[{\"@type\":\"WebPage\",\"@id\":\"https:\\\/\\\/www.camping-des-tourbieres.com\\\/en\\\/huttes\\\/\",\"url\":\"https:\\\/\\\/www.camping-des-tourbieres.com\\\/en\\\/huttes\\\/\",\"name\":\"Cabins - Camping des Tourbi\u00e8res\",\"isPartOf\":{\"@id\":\"https:\\\/\\\/www.camping-des-tourbieres.com\\\/en\\\/#website\"},\"datePublished\":\"2023-12-05T08:52:33+00:00\",\"dateModified\":\"2026-04-27T15:56:37+00:00\",\"description\":\"Camping des Tourbi\u00e8res : D\u00e9couvrez les diff\u00e9rentes Huttes en bois \u00e0 votre disposition\",\"inLanguage\":\"en-US\",\"potentialAction\":[{\"@type\":\"ReadAction\",\"target\":[\"https:\\\/\\\/www.camping-des-tourbieres.com\\\/en\\\/huttes\\\/\"]}]},{\"@type\":\"WebSite\",\"@id\":\"https:\\\/\\\/www.camping-des-tourbieres.com\\\/en\\\/#website\",\"url\":\"https:\\\/\\\/www.camping-des-tourbieres.com\\\/en\\\/\",\"name\":\"Camping des Tourbi\u00e8res\",\"description\":\"\",\"potentialAction\":[{\"@type\":\"SearchAction\",\"target\":{\"@type\":\"EntryPoint\",\"urlTemplate\":\"https:\\\/\\\/www.camping-des-tourbieres.com\\\/en\\\/?s={search_term_string}\"},\"query-input\":{\"@type\":\"PropertyValueSpecification\",\"valueRequired\":true,\"valueName\":\"search_term_string\"}}],\"inLanguage\":\"en-US\"}]}<\/script>\n<!-- \/ Yoast SEO plugin. -->","yoast_head_json":{"title":"Cabins - Camping des Tourbi\u00e8res","description":"Camping des Tourbi\u00e8res : D\u00e9couvrez les diff\u00e9rentes Huttes en bois \u00e0 votre disposition","robots":{"index":"index","follow":"follow","max-snippet":"max-snippet:-1","max-image-preview":"max-image-preview:large","max-video-preview":"max-video-preview:-1"},"canonical":"https:\/\/www.camping-des-tourbieres.com\/en\/huttes\/","og_locale":"en_US","og_type":"article","og_title":"Cabins - Camping des Tourbi\u00e8res","og_description":"Camping des Tourbi\u00e8res : D\u00e9couvrez les diff\u00e9rentes Huttes en bois \u00e0 votre disposition","og_url":"https:\/\/www.camping-des-tourbieres.com\/en\/huttes\/","og_site_name":"Camping des Tourbi\u00e8res","article_modified_time":"2026-04-27T15:56:37+00:00","twitter_card":"summary_large_image","twitter_misc":{"Est. reading time":"2 minutes"},"schema":{"@context":"https:\/\/schema.org","@graph":[{"@type":"WebPage","@id":"https:\/\/www.camping-des-tourbieres.com\/en\/huttes\/","url":"https:\/\/www.camping-des-tourbieres.com\/en\/huttes\/","name":"Cabins - Camping des Tourbi\u00e8res","isPartOf":{"@id":"https:\/\/www.camping-des-tourbieres.com\/en\/#website"},"datePublished":"2023-12-05T08:52:33+00:00","dateModified":"2026-04-27T15:56:37+00:00","description":"Camping des Tourbi\u00e8res : D\u00e9couvrez les diff\u00e9rentes Huttes en bois \u00e0 votre disposition","inLanguage":"en-US","potentialAction":[{"@type":"ReadAction","target":["https:\/\/www.camping-des-tourbieres.com\/en\/huttes\/"]}]},{"@type":"WebSite","@id":"https:\/\/www.camping-des-tourbieres.com\/en\/#website","url":"https:\/\/www.camping-des-tourbieres.com\/en\/","name":"Camping des Tourbi\u00e8res","description":"","potentialAction":[{"@type":"SearchAction","target":{"@type":"EntryPoint","urlTemplate":"https:\/\/www.camping-des-tourbieres.com\/en\/?s={search_term_string}"},"query-input":{"@type":"PropertyValueSpecification","valueRequired":true,"valueName":"search_term_string"}}],"inLanguage":"en-US"}]}},"_links":{"self":[{"href":"https:\/\/www.camping-des-tourbieres.com\/en\/wp-json\/wp\/v2\/pages\/2901","targetHints":{"allow":["GET"]}}],"collection":[{"href":"https:\/\/www.camping-des-tourbieres.com\/en\/wp-json\/wp\/v2\/pages"}],"about":[{"href":"https:\/\/www.camping-des-tourbieres.com\/en\/wp-json\/wp\/v2\/types\/page"}],"author":[{"embeddable":true,"href":"https:\/\/www.camping-des-tourbieres.com\/en\/wp-json\/wp\/v2\/users\/1"}],"replies":[{"embeddable":true,"href":"https:\/\/www.camping-des-tourbieres.com\/en\/wp-json\/wp\/v2\/comments?post=2901"}],"version-history":[{"count":26,"href":"https:\/\/www.camping-des-tourbieres.com\/en\/wp-json\/wp\/v2\/pages\/2901\/revisions"}],"predecessor-version":[{"id":4346,"href":"https:\/\/www.camping-des-tourbieres.com\/en\/wp-json\/wp\/v2\/pages\/2901\/revisions\/4346"}],"wp:attachment":[{"href":"https:\/\/www.camping-des-tourbieres.com\/en\/wp-json\/wp\/v2\/media?parent=2901"}],"curies":[{"name":"wp","href":"https:\/\/api.w.org\/{rel}","templated":true}]}}