{"id":2897,"date":"2023-12-05T08:51:55","date_gmt":"2023-12-05T08:51:55","guid":{"rendered":"https:\/\/www.camping-des-tourbieres.com\/dormir\/emplacements\/"},"modified":"2025-11-28T14:18:52","modified_gmt":"2025-11-28T14:18:52","slug":"pitches","status":"publish","type":"page","link":"https:\/\/www.camping-des-tourbieres.com\/en\/pitches\/","title":{"rendered":"Pitches"},"content":{"rendered":"<p><img decoding=\"async\" src=\"\/wp-content\/uploads\/divider.svg\" alt=\"\"><\/p>\n<div>IN PEACE AND IN THE MIDDLE OF NATURE<\/div>\n<h1>THE PITCHES<\/h1>\n<p><img decoding=\"async\" src=\"\/wp-content\/uploads\/divider.svg\" alt=\"\"><\/p>\n<h2>A FAMILIAL CAMPING IN<br \/>DORDOGNE PERIGORD VERT<\/h2>\n<h3>26 SPACIOUS PITCHES<\/h3>\n<div>\n<p>The campsite des Tourbi\u00e8res is located at the gate of the \u201cParc Naturel R\u00e9gional Limousin\u201d and the \u201cNatura 2000 des Tourbi\u00e8res de Vendoire\u201d site. The campsite has a wide choice of large pitches from 100 to 200m\u00b2.<\/p>\n<p>The pitches are bordered by diversified plantings and several trees. This ensures that you can choose from shaded, semi-shaded or sunny pitches<\/p>\n<\/div>\n<hr>\n<h2>PITCHES<\/h2>\n<div>\n<p>Each pitch has a water point nearby, a 10 amp electricity branch and a sanitary block accessible to people with reduced mobility. You will find a baby wash room, showers, dishwashing and laundry area and toilets.<\/p>\n<\/div>\n<ul>\n<li>\n<p>        <img decoding=\"async\" src=\"\/wp-content\/uploads\/nos-emplacements.jpg\" alt=\"Nos emplacements\"><\/p>\n<\/li>\n<li>\n<p>        <img decoding=\"async\" src=\"\/wp-content\/uploads\/pitch-3-scaled.jpg\" alt=\"Nos emplacements\"><\/p>\n<\/li>\n<\/ul>\n<hr>\n<h2>RATES FOR TWO PERSONS<\/h2>\n<h3>SURCHARGES PER NIGHT<\/h3>\n<ul>\n<li>\n<h3>ECO TAX (PER PERSON PER NIGHT) <\/h3>\n<p>0.50 \u20ac<\/p>\n<\/li>\n<li>\n<h3>RESIDENCE TAX (PER ADULT PER NIGHT) <\/h3>\n<p>0.45 \u20ac<\/p>\n<\/li>\n<li>\n<h3>CHILD UNDER 18 MONTH <\/h3>\n<p>Free<\/p>\n<\/li>\n<li>\n<h3>CHILD UNDER 10 YEARS <\/h3>\n<p>4.00 \u20ac<\/p>\n<\/li>\n<li>\n<h3>CHILD Over 10 YEARS <\/h3>\n<p>6.00 \u20ac<\/p>\n<\/li>\n<\/ul>\n<ul>\n<li>\n<h3>Animal<\/h3>\n<p>2.00 \u20ac<\/p>\n<\/li>\n<li>\n<h3>Barbecue<\/h3>\n<p>4.00 \u20ac<\/p>\n<\/li>\n<li>\n<h3>ELECTRIC ADAPTER <\/h3>\n<p>3.00 \u20ac<\/p>\n<\/li>\n<\/ul>\n<div>\n<p>Hairdryers and irons are available at reception .<\/p>\n<\/div>\n<p><!--more--><br \/>\n<!-- {\"type\":\"layout\",\"children\":[{\"name\":\"Hero\",\"type\":\"section\",\"props\":{\"header_transparent\":true,\"header_transparent_noplaceholder\":true,\"header_transparent_text_color\":\"dark\",\"height\":\"viewport\",\"height_offset_top\":true,\"height_viewport\":80,\"image\":\"wp-content\\\/uploads\\\/emplacement.jpg\",\"image_position\":\"center-center\",\"image_size\":\"cover\",\"media_overlay\":\"rgba(29, 18, 18, 0.38)\",\"overlap\":true,\"padding_remove_top\":false,\"style\":\"secondary\",\"title_breakpoint\":\"xl\",\"title_position\":\"top-left\",\"title_rotation\":\"left\",\"vertical_align\":\"middle\",\"width\":\"large\"},\"children\":[{\"type\":\"row\",\"children\":[{\"type\":\"column\",\"props\":{\"image_position\":\"center-center\",\"position_sticky_breakpoint\":\"m\",\"width_medium\":\"1-1\"},\"children\":[{\"type\":\"image\",\"props\":{\"class\":\"uk-margin-xlarge-top\",\"image\":\"wp-content\\\/uploads\\\/divider.svg\",\"image_loading\":true,\"image_svg_color\":\"emphasis\",\"image_svg_inline\":true,\"margin\":\"default\",\"text_align\":\"center\"},\"name\":\"Divider Image\"},{\"type\":\"headline\",\"props\":{\"content\":\"IN PEACE AND IN THE MIDDLE OF NATURE\",\"margin\":\"small\",\"margin_remove_bottom\":true,\"parallax_breakpoint\":\"m\",\"parallax_easing\":\"0.8\",\"parallax_end\":\"5vh + 5%\",\"parallax_opacity\":\"1,0\",\"parallax_y\":\"0,60\",\"text_align\":\"center\",\"title_element\":\"div\",\"title_style\":\"h4\"}},{\"type\":\"headline\",\"props\":{\"content\":\"THE PITCHES\",\"css\":\"@media screen and (max-width:640px){\\n    .el-element{\\n        font-size:44px;\\n    }\\n}\",\"margin\":\"small\",\"margin_remove_bottom\":false,\"margin_remove_top\":true,\"parallax_breakpoint\":\"m\",\"parallax_easing\":\"0.8\",\"parallax_end\":\"5vh + 5%\",\"parallax_opacity\":\"1,0\",\"parallax_y\":\"0,60\",\"text_align\":\"center\",\"title_element\":\"h1\",\"title_style\":\"heading-xlarge\"}},{\"type\":\"image\",\"props\":{\"image\":\"wp-content\\\/uploads\\\/divider.svg\",\"image_loading\":true,\"image_svg_color\":\"emphasis\",\"image_svg_inline\":true,\"margin\":\"small\",\"text_align\":\"center\"},\"name\":\"Divider Image\"}]}]}]},{\"type\":\"section\",\"props\":{\"image_position\":\"center-center\",\"padding_remove_bottom\":false,\"style\":\"default\",\"title_breakpoint\":\"xl\",\"title_position\":\"top-left\",\"title_rotation\":\"left\",\"vertical_align\":\"middle\",\"width\":\"large\"},\"children\":[{\"type\":\"row\",\"props\":{\"margin\":\"default\",\"margin_remove_bottom\":false,\"margin_remove_top\":false},\"children\":[{\"type\":\"column\",\"props\":{\"image_position\":\"center-center\",\"position_sticky_breakpoint\":\"m\",\"width_medium\":\"1-1\"},\"children\":[{\"type\":\"headline\",\"props\":{\"block_align\":\"center\",\"content\":\"A FAMILIAL CAMPING IN<br \\\/>DORDOGNE PERIGORD VERT\",\"text_align\":\"center\",\"title_color\":\"success\",\"title_element\":\"h2\",\"title_style\":\"heading-medium\"}},{\"type\":\"divider\",\"props\":{\"divider_align\":\"center\",\"divider_element\":\"div\",\"divider_style\":\"small\",\"margin\":\"medium\",\"margin_remove_bottom\":true},\"name\":\"Divider\"},{\"type\":\"headline\",\"props\":{\"content\":\"26 SPACIOUS PITCHES\",\"text_align\":\"center\",\"title_color\":\"primary\",\"title_element\":\"h3\",\"title_style\":\"h3\"}}]}]},{\"type\":\"row\",\"children\":[{\"type\":\"column\",\"props\":{\"image_position\":\"center-center\",\"position_sticky_breakpoint\":\"m\"},\"children\":[{\"type\":\"text\",\"props\":{\"column_breakpoint\":\"m\",\"content\":\"\n\n<p>The campsite des Tourbi\\u00e8res is located at the gate of the \\u201cParc Naturel R\\u00e9gional Limousin\\u201d and the \\u201cNatura 2000 des Tourbi\\u00e8res de Vendoire\\u201d site. The campsite has a wide choice of large pitches from 100 to 200m\\u00b2.<\\\/p>\\n\n\n<p>The pitches are bordered by diversified plantings and several trees. This ensures that you can choose from shaded, semi-shaded or sunny pitches<\\\/p>\",\"margin\":\"default\"}}]}]}]},{\"name\":\"Dormir - Single\",\"type\":\"section\",\"props\":{\"animation\":\"fade\",\"image_position\":\"center-center\",\"padding\":\"large\",\"padding_remove_top\":true,\"style\":\"default\",\"title_breakpoint\":\"xl\",\"title_position\":\"top-left\",\"title_rotation\":\"left\",\"vertical_align\":\"middle\",\"width\":\"large\"},\"children\":[{\"type\":\"row\",\"props\":{\"layout\":\"1-2,1-2\",\"margin\":\"large\",\"row_gap\":\"medium\",\"vertical_align\":true},\"children\":[{\"type\":\"column\",\"props\":{\"image_position\":\"center-center\",\"position_sticky_breakpoint\":\"m\",\"vertical_align\":\"middle\",\"width_medium\":\"1-2\"},\"children\":[{\"type\":\"divider\",\"props\":{\"divider_element\":\"hr\",\"divider_style\":\"small\",\"margin_remove_bottom\":true}},{\"type\":\"headline\",\"props\":{\"block_align\":\"center\",\"content\":\"PITCHES\",\"title_color\":\"success\",\"title_element\":\"h2\",\"title_style\":\"heading-small\"}},{\"type\":\"text\",\"props\":{\"column_breakpoint\":\"m\",\"content\":\"\n\n<p>Each pitch has a water point nearby, a 10 amp electricity branch and a sanitary block accessible to people with reduced mobility. You will find a baby wash room, showers, dishwashing and laundry area and toilets.<\\\/p>\",\"margin\":\"medium\",\"maxwidth\":\"xlarge\"}}]},{\"type\":\"column\",\"props\":{\"image_position\":\"center-center\",\"order_first\":\"m\",\"position_sticky_breakpoint\":\"m\",\"width_medium\":\"1-2\"},\"children\":[{\"type\":\"slideshow\",\"props\":{\"class\":\"dbc-img\",\"image_width\":\"920\",\"link_style\":\"default\",\"link_text\":\"Read more\",\"margin\":\"default\",\"meta_align\":\"below-title\",\"meta_element\":\"div\",\"meta_style\":\"text-meta\",\"nav\":\"dotnav\",\"nav_align\":\"center\",\"nav_below\":false,\"nav_breakpoint\":\"s\",\"nav_position\":\"bottom-left\",\"nav_position_margin\":\"medium\",\"overlay_animation\":\"parallax\",\"overlay_position\":\"center-left\",\"show_content\":true,\"show_link\":true,\"show_meta\":true,\"show_thumbnail\":true,\"show_title\":true,\"slidenav\":\"\",\"slidenav_breakpoint\":\"s\",\"slidenav_margin\":\"medium\",\"slidenav_outside_breakpoint\":\"xl\",\"slideshow_autoplay\":true,\"slideshow_autoplay_pause\":true,\"slideshow_min_height\":300,\"slideshow_ratio\":\"920:580\",\"text_color\":\"light\",\"thumbnav_height\":\"75\",\"thumbnav_svg_color\":\"emphasis\",\"thumbnav_width\":\"100\",\"title_element\":\"h3\"},\"children\":[{\"type\":\"slideshow_item\",\"props\":{\"image\":\"wp-content\\\/uploads\\\/nos-emplacements.jpg\",\"image_alt\":\"Nos emplacements\"}},{\"type\":\"slideshow_item\",\"props\":{\"image\":\"wp-content\\\/uploads\\\/pitch-3-scaled.jpg\",\"image_alt\":\"Nos emplacements\"}}]}]}]}]},{\"name\":\"Divider\",\"type\":\"section\",\"props\":{\"image_effect\":\"parallax\",\"image_parallax_bgy\":\"50,-50\",\"image_parallax_easing\":\"1\",\"image_position\":\"center-center\",\"image_size\":\"cover\",\"image_width\":\"2560\",\"padding\":\"xsmall\",\"style\":\"default\",\"title_breakpoint\":\"xl\",\"title_position\":\"top-left\",\"title_rotation\":\"left\",\"vertical_align\":\"middle\",\"width\":\"large\"},\"children\":[{\"type\":\"row\",\"children\":[{\"type\":\"column\",\"props\":{\"image_position\":\"center-center\",\"position_sticky_breakpoint\":\"m\",\"width_medium\":\"1-1\"},\"children\":[{\"type\":\"divider\",\"props\":{\"divider_element\":\"hr\",\"divider_style\":\"icon\",\"margin\":\"xlarge\"}}]}]}]},{\"name\":\"Services\",\"type\":\"section\",\"props\":{\"animation\":\"fade\",\"image_position\":\"center-center\",\"padding\":\"large\",\"padding_remove_bottom\":true,\"style\":\"default\",\"title_breakpoint\":\"xl\",\"title_position\":\"top-left\",\"title_rotation\":\"left\",\"vertical_align\":\"middle\",\"width\":\"large\"},\"children\":[{\"type\":\"row\",\"props\":{\"column_gap\":\"collapse\",\"margin\":\"medium\",\"row_gap\":\"collapse\"},\"children\":[{\"type\":\"column\",\"props\":{\"image_position\":\"center-center\",\"position_sticky_breakpoint\":\"m\",\"width_medium\":\"1-1\"},\"children\":[{\"type\":\"headline\",\"props\":{\"content\":\"RATES FOR TWO PERSONS\",\"title_color\":\"success\",\"title_element\":\"h2\",\"title_style\":\"heading-small\"}},{\"type\":\"headline\",\"props\":{\"content\":\"SURCHARGES PER NIGHT\",\"margin_remove_bottom\":false,\"margin_remove_top\":true,\"title_color\":\"primary\",\"title_element\":\"h3\"}}]}]},{\"type\":\"row\",\"props\":{\"column_gap\":\"large\",\"divider\":false,\"layout\":\"1-2,1-2\",\"margin\":\"medium\",\"row_gap\":\"large\",\"vertical_align\":false},\"children\":[{\"type\":\"column\",\"props\":{\"image_position\":\"center-center\",\"position_sticky_breakpoint\":\"m\",\"width_medium\":\"1-2\"},\"children\":[{\"type\":\"description_list\",\"props\":{\"column_breakpoint\":\"m\",\"layout\":\"grid-2-m\",\"list_element\":\"ul\",\"list_size\":\"large\",\"margin_remove_top\":true,\"meta_align\":\"below-content\",\"meta_color\":\"primary\",\"meta_style\":\"\",\"show_content\":true,\"show_link\":true,\"show_meta\":true,\"show_title\":true,\"title_colon\":false,\"title_element\":\"div\",\"title_grid_column_gap\":\"small\",\"title_grid_row_gap\":\"small\",\"title_grid_width\":\"expand\",\"title_leader\":true,\"title_style\":\"h5\"},\"children\":[{\"type\":\"description_list_item\",\"props\":{\"content\":\"\",\"meta\":\"0.50 \\u20ac\",\"title\":\"ECO TAX (PER PERSON PER NIGHT) \"}},{\"type\":\"description_list_item\",\"props\":{\"content\":\"\",\"meta\":\"0.45 \\u20ac\",\"title\":\"RESIDENCE TAX (PER ADULT PER NIGHT) \"}},{\"type\":\"description_list_item\",\"props\":{\"content\":\"\",\"meta\":\"Free\",\"title\":\"CHILD UNDER 18 MONTH \"}},{\"type\":\"description_list_item\",\"props\":{\"content\":\"\",\"meta\":\"4.00 \\u20ac\",\"title\":\"CHILD UNDER 10 YEARS \"}},{\"type\":\"description_list_item\",\"props\":{\"content\":\"\",\"meta\":\"6.00 \\u20ac\",\"title\":\"CHILD Over 10 YEARS \"}}]}]},{\"type\":\"column\",\"props\":{\"image_position\":\"center-center\",\"position_sticky_breakpoint\":\"m\",\"width_medium\":\"1-2\"},\"children\":[{\"type\":\"description_list\",\"props\":{\"column_breakpoint\":\"m\",\"layout\":\"grid-2-m\",\"list_element\":\"ul\",\"list_size\":\"large\",\"margin_remove_top\":false,\"meta_align\":\"below-content\",\"meta_color\":\"primary\",\"meta_style\":\"\",\"show_content\":true,\"show_link\":true,\"show_meta\":true,\"show_title\":true,\"title_colon\":false,\"title_element\":\"div\",\"title_grid_column_gap\":\"small\",\"title_grid_row_gap\":\"small\",\"title_grid_width\":\"expand\",\"title_leader\":true,\"title_style\":\"h5\"},\"children\":[{\"type\":\"description_list_item\",\"props\":{\"content\":\"\",\"meta\":\"2.00 \\u20ac\",\"title\":\"Animal\"}},{\"type\":\"description_list_item\",\"props\":{\"content\":\"\",\"meta\":\"4.00 \\u20ac\",\"title\":\"Barbecue\"}},{\"type\":\"description_list_item\",\"props\":{\"content\":\"\",\"meta\":\"3.00 \\u20ac\",\"title\":\"ELECTRIC ADAPTER \"}}]}]}]},{\"type\":\"row\",\"props\":{\"row_gap\":\"large\"},\"children\":[{\"type\":\"column\",\"props\":{\"image_position\":\"center-center\",\"position_sticky_breakpoint\":\"m\"},\"children\":[{\"type\":\"text\",\"props\":{\"column_breakpoint\":\"m\",\"content\":\"\n\n<p>Hairdryers and irons are available at reception .<\\\/p>\",\"margin\":\"default\"},\"name\":\"Services - More\"}]}]}]}],\"version\":\"4.3.4\"} --><\/p>\n","protected":false},"excerpt":{"rendered":"<p>IN PEACE AND IN THE MIDDLE OF NATURE THE PITCHES A FAMILIAL CAMPING INDORDOGNE PERIGORD VERT 26 SPACIOUS PITCHES The campsite des Tourbi\u00e8res is located at the gate of the \u201cParc Naturel R\u00e9gional Limousin\u201d and the \u201cNatura 2000 des Tourbi\u00e8res de Vendoire\u201d site. The campsite has a wide choice of large pitches from 100 to [&hellip;]<\/p>\n","protected":false},"author":1,"featured_media":0,"parent":0,"menu_order":0,"comment_status":"closed","ping_status":"closed","template":"","meta":{"footnotes":""},"class_list":["post-2897","page","type-page","status-publish","hentry"],"yoast_head":"<!-- This site is optimized with the Yoast SEO plugin v27.6 - https:\/\/yoast.com\/product\/yoast-seo-wordpress\/ -->\n<title>Pitches - Camping des Tourbi\u00e8res<\/title>\n<meta name=\"description\" content=\"Le camping des tourbi\u00e8res vous pr\u00e9sente ses diff\u00e9rents emplacements ainsi que leurs avantages.\" \/>\n<meta name=\"robots\" content=\"index, follow, max-snippet:-1, max-image-preview:large, max-video-preview:-1\" \/>\n<link rel=\"canonical\" href=\"https:\/\/www.camping-des-tourbieres.com\/en\/pitches\/\" \/>\n<meta property=\"og:locale\" content=\"en_US\" \/>\n<meta property=\"og:type\" content=\"article\" \/>\n<meta property=\"og:title\" content=\"Pitches - Camping des Tourbi\u00e8res\" \/>\n<meta property=\"og:description\" content=\"Le camping des tourbi\u00e8res vous pr\u00e9sente ses diff\u00e9rents emplacements ainsi que leurs avantages.\" \/>\n<meta property=\"og:url\" content=\"https:\/\/www.camping-des-tourbieres.com\/en\/pitches\/\" \/>\n<meta property=\"og:site_name\" content=\"Camping des Tourbi\u00e8res\" \/>\n<meta property=\"article:modified_time\" content=\"2025-11-28T14:18:52+00:00\" \/>\n<meta name=\"twitter:card\" content=\"summary_large_image\" \/>\n<meta name=\"twitter:label1\" content=\"Est. reading time\" \/>\n\t<meta name=\"twitter:data1\" content=\"2 minutes\" \/>\n<script type=\"application\/ld+json\" class=\"yoast-schema-graph\">{\"@context\":\"https:\\\/\\\/schema.org\",\"@graph\":[{\"@type\":\"WebPage\",\"@id\":\"https:\\\/\\\/www.camping-des-tourbieres.com\\\/en\\\/pitches\\\/\",\"url\":\"https:\\\/\\\/www.camping-des-tourbieres.com\\\/en\\\/pitches\\\/\",\"name\":\"Pitches - Camping des Tourbi\u00e8res\",\"isPartOf\":{\"@id\":\"https:\\\/\\\/www.camping-des-tourbieres.com\\\/en\\\/#website\"},\"datePublished\":\"2023-12-05T08:51:55+00:00\",\"dateModified\":\"2025-11-28T14:18:52+00:00\",\"description\":\"Le camping des tourbi\u00e8res vous pr\u00e9sente ses diff\u00e9rents emplacements ainsi que leurs avantages.\",\"inLanguage\":\"en-US\",\"potentialAction\":[{\"@type\":\"ReadAction\",\"target\":[\"https:\\\/\\\/www.camping-des-tourbieres.com\\\/en\\\/pitches\\\/\"]}]},{\"@type\":\"WebSite\",\"@id\":\"https:\\\/\\\/www.camping-des-tourbieres.com\\\/en\\\/#website\",\"url\":\"https:\\\/\\\/www.camping-des-tourbieres.com\\\/en\\\/\",\"name\":\"Camping des Tourbi\u00e8res\",\"description\":\"\",\"potentialAction\":[{\"@type\":\"SearchAction\",\"target\":{\"@type\":\"EntryPoint\",\"urlTemplate\":\"https:\\\/\\\/www.camping-des-tourbieres.com\\\/en\\\/?s={search_term_string}\"},\"query-input\":{\"@type\":\"PropertyValueSpecification\",\"valueRequired\":true,\"valueName\":\"search_term_string\"}}],\"inLanguage\":\"en-US\"}]}<\/script>\n<!-- \/ Yoast SEO plugin. -->","yoast_head_json":{"title":"Pitches - Camping des Tourbi\u00e8res","description":"Le camping des tourbi\u00e8res vous pr\u00e9sente ses diff\u00e9rents emplacements ainsi que leurs avantages.","robots":{"index":"index","follow":"follow","max-snippet":"max-snippet:-1","max-image-preview":"max-image-preview:large","max-video-preview":"max-video-preview:-1"},"canonical":"https:\/\/www.camping-des-tourbieres.com\/en\/pitches\/","og_locale":"en_US","og_type":"article","og_title":"Pitches - Camping des Tourbi\u00e8res","og_description":"Le camping des tourbi\u00e8res vous pr\u00e9sente ses diff\u00e9rents emplacements ainsi que leurs avantages.","og_url":"https:\/\/www.camping-des-tourbieres.com\/en\/pitches\/","og_site_name":"Camping des Tourbi\u00e8res","article_modified_time":"2025-11-28T14:18:52+00:00","twitter_card":"summary_large_image","twitter_misc":{"Est. reading time":"2 minutes"},"schema":{"@context":"https:\/\/schema.org","@graph":[{"@type":"WebPage","@id":"https:\/\/www.camping-des-tourbieres.com\/en\/pitches\/","url":"https:\/\/www.camping-des-tourbieres.com\/en\/pitches\/","name":"Pitches - Camping des Tourbi\u00e8res","isPartOf":{"@id":"https:\/\/www.camping-des-tourbieres.com\/en\/#website"},"datePublished":"2023-12-05T08:51:55+00:00","dateModified":"2025-11-28T14:18:52+00:00","description":"Le camping des tourbi\u00e8res vous pr\u00e9sente ses diff\u00e9rents emplacements ainsi que leurs avantages.","inLanguage":"en-US","potentialAction":[{"@type":"ReadAction","target":["https:\/\/www.camping-des-tourbieres.com\/en\/pitches\/"]}]},{"@type":"WebSite","@id":"https:\/\/www.camping-des-tourbieres.com\/en\/#website","url":"https:\/\/www.camping-des-tourbieres.com\/en\/","name":"Camping des Tourbi\u00e8res","description":"","potentialAction":[{"@type":"SearchAction","target":{"@type":"EntryPoint","urlTemplate":"https:\/\/www.camping-des-tourbieres.com\/en\/?s={search_term_string}"},"query-input":{"@type":"PropertyValueSpecification","valueRequired":true,"valueName":"search_term_string"}}],"inLanguage":"en-US"}]}},"_links":{"self":[{"href":"https:\/\/www.camping-des-tourbieres.com\/en\/wp-json\/wp\/v2\/pages\/2897","targetHints":{"allow":["GET"]}}],"collection":[{"href":"https:\/\/www.camping-des-tourbieres.com\/en\/wp-json\/wp\/v2\/pages"}],"about":[{"href":"https:\/\/www.camping-des-tourbieres.com\/en\/wp-json\/wp\/v2\/types\/page"}],"author":[{"embeddable":true,"href":"https:\/\/www.camping-des-tourbieres.com\/en\/wp-json\/wp\/v2\/users\/1"}],"replies":[{"embeddable":true,"href":"https:\/\/www.camping-des-tourbieres.com\/en\/wp-json\/wp\/v2\/comments?post=2897"}],"version-history":[{"count":27,"href":"https:\/\/www.camping-des-tourbieres.com\/en\/wp-json\/wp\/v2\/pages\/2897\/revisions"}],"predecessor-version":[{"id":4164,"href":"https:\/\/www.camping-des-tourbieres.com\/en\/wp-json\/wp\/v2\/pages\/2897\/revisions\/4164"}],"wp:attachment":[{"href":"https:\/\/www.camping-des-tourbieres.com\/en\/wp-json\/wp\/v2\/media?parent=2897"}],"curies":[{"name":"wp","href":"https:\/\/api.w.org\/{rel}","templated":true}]}}