{"id":2887,"date":"2023-12-20T08:45:27","date_gmt":"2023-12-20T08:45:27","guid":{"rendered":"https:\/\/www.camping-des-tourbieres.com\/cgv\/"},"modified":"2024-04-23T09:08:15","modified_gmt":"2024-04-23T09:08:15","slug":"general-terms-and-conditions-of-sale","status":"publish","type":"page","link":"https:\/\/www.camping-des-tourbieres.com\/en\/general-terms-and-conditions-of-sale\/","title":{"rendered":"GENERAL TERMS AND CONDITIONS OF SALE"},"content":{"rendered":"<h1>\n<p>TERMS OF SALE 2024<\/p>\n<\/h1>\n<h2>\n<p>ARTICLE 1 \u2013 SCOPE OF THE GENERAL CONDITIONS OF SALE<\/p>\n<\/h2>\n<div>\n<p>These general conditions govern by right all sales of stays made on the site www.camping-des-tourbieres.com. They are an integral part of any contract concluded between the campsite and its customers. Each client acknowledges having read these terms and conditions prior to any reservation of a stay, for him or herself and any person participating in the stay. In accordance with the law in force, these general conditions are made available to any customer for information prior to the conclusion of any contract of sale of stays. They can also be obtained on simple written request addressed to the head office of the establishment.<\/p>\n<\/div>\n<h2>ARTICLE 2 \u2013 BOOKING CONDITIONS<\/h2>\n<h3>2.1 PRICE AND PAYMENT<\/h3>\n<div>\n<p>The price of the stays is indicated in euros, VAT included. The attention of the customer is drawn to the fact that is not included in the price the tourist tax and the Eco-tax. For camping bookings: All rentals are registered and cannot be transferred. The rental becomes effective only with our agreement. The balance of the rental of a bare pitch will be paid 21 days before arrival or the day of arrival if the customer wishes. Your possible absences during your stay will not be taken into account. For rental bookings: Any rental is nominative and cannot be transferred. The rental becomes effective only with our agreement and after receipt of the total amount of the stay and the booking fee. The balance of the rental will be paid 21 days before the start of the stay and a deposit will be requested by credit card or check on the day of arrival. For any unreported delay, the rental\/location becomes available 2 hours after the arrival date mentioned on the booking contract. After this period and in the absence of a written message, the reservation will be void and the deposit will remain acquired by the campsite management.<\/p>\n<\/div>\n<h3>\n<p>2.2 CHANGING YOUR BOOKING<\/p>\n<\/h3>\n<div>\n<p>The customer can, request the modification of his stay (camping, dates and\/ or type of accommodation) on written request to the campsite (mail or email) to the extent of availability and possibilities. No postponement will be accepted on the following season except in case of emergency, then a credit will be established. In the absence of modification, the customer must make his stay in the initial booking conditions or cancel it according to the conditions of the cancellation insurance (CAMPING COUVERT) if subscribed. Any request to increase the length of your stay will be made according to availability and the rates in force. Any request to reduce the length of your stay is considered a partial cancellation and will be subject to cancellation and interruption of stay.<\/p>\n<\/div>\n<h3>\n<p>2.3 BENEFITS NOT USED<\/p>\n<\/h3>\n<div>\n<p>Any interrupted or shortened stay (late arrival, early departure) by you will not give rise to refund, except in urgent cases, then a credit note will be established.<\/p>\n<\/div>\n<h3>\n<p>2.4 CANCELLATION DUE TO PEAT BOG CAMPING<\/p>\n<\/h3>\n<div>\n<p>In case of cancellation due to Camping Des Tourbi\u00e8res, except in case of force majeure, the stay will be fully refunded. However, this cancellation may not give rise to the payment of damages.<\/p>\n<\/div>\n<h3>\n<p>2.5 CANCELLATION BY THE CUSTOMER<\/p>\n<\/h3>\n<div>\n<p>Camping Des Tourbi\u00e8res will not refund any deposit. Cancellation fees may be covered by the cancellation guarantees offered by CAMPEZ COUVERT if subscribed. No refund will be made without taking out the guarantee or cancellation insurance. We advise you to take out cancellation insurance. This contract offers you a cancellation guarantee that allows you to obtain a refund of the sums paid in case of cancellation of your stay or early departure under certain conditions (illness, accident, etc.). Insurance rates: Camping pitch: 3.5% of the total stay Gite, chalets, huts, Safari and Wood tents: 3.5% of the total stay <\/p>\n<\/div>\n<h2>\n<p>ARTICLE 3 \u2013 CONDUCT OF THE STAY <\/p>\n<\/h2>\n<h2>\n<p>3.1 ARRIVALS AND DEPARTURES<\/p>\n<\/h2>\n<div>\n<p>For rent: arrivals are from 4 pm, departures are before 12 pm<br \/>On site: arrivals are from 4pm, departures are before 2pm<\/p>\n<\/div>\n<h2>\n<p>3.2 SURETY<\/p>\n<\/h2>\n<div>\n<p>A deposit of 200 euros for the huts and tents, 500 euros for the cottages and chalets, will be required on the day of arrival. This deposit also takes into account the guarantee of the perfect condition of the accommodation as well as the cleaning carried out in case you have not subscribed to a cleaning package. It will be refunded on the day of your departure, during the opening hours of the cash register, after an inventory. The bill of possible damages will be added to the price of the stay as well as cleaning if you do not leave the accommodation in a state of perfect cleanliness. If you cannot be present at the inventory, the deposit will be returned to you by mail. <\/p>\n<\/div>\n<h2>\n<p>3.3 LEAVING<\/p>\n<\/h2>\n<div>\n<p>Any return of key or release of the site after 12:00 or 14:00 entails the billing of an additional night. Any extension of stay must be made at least 24 hours before the scheduled departure date. <\/p>\n<\/div>\n<h2>\n<p>3.4 ANIMALS<\/p>\n<\/h2>\n<div>\n<p>Pets declared at the time of booking (dog, cat) are allowed inside the rentals, except dogs of 1st and 2nd category. They must be kept on a leash at all times inside the campsite. They are prohibited near the pool and inside collective buildings. The vaccination record for dogs and cats must be up to date. <\/p>\n<\/div>\n<h2>\n<p>3.5 RULES OF PROCEDURE<\/p>\n<\/h2>\n<div>\n<p>As required by law, you must adhere to our internal rules, deposited at the prefecture, posted at our reception and a copy will be given to you on request. <\/p>\n<\/div>\n<h2>\n<p>ARTICLE 4 \u2013 IMAGE RIGHTS<\/p>\n<\/h2>\n<div>\n<p>You authorize Camping Le Petit Lion Des Tourbi\u00e8res, as well as any person that Le Petit Lion Des Tourbi\u00e8res would like to replace, to photograph, record or film you during your stay at Camping Des Tourbi\u00e8res and to exploit the said images, sounds, videos and recordings on any medium (in particular on the website, facebook page, instagram, on all presentation and promotion media of Camping Des Tourbi\u00e8res). This permission applies both to you and to the people staying with you. Its sole purpose is to ensure the promotion and animation of the establishment and will not in any way damage your reputation. This authorization is granted free of charge for all countries and for a period of 5 years.<\/p>\n<\/div>\n<h2>\n<p>ARTICLE 5 \u2013 LIABILITY<\/p>\n<\/h2>\n<div>\n<p>Camping Des Tourbi\u00e8res declines all responsibility for damages suffered by the camper-caravan equipment that would be of its own volition; insurance for your equipment in terms of civil liability is mandatory (FFCC, ANWB, ADAC, etc.).<\/p>\n<\/div>\n<h2>\n<p>ARTICLE 6 \u2013 APPLICABLE LAW<\/p>\n<\/h2>\n<div>\n<p>These general conditions are subject to French law and any dispute relating to their application falls within the jurisdiction of the Tribunal de grande instance or the commercial court of P\u00e9rigueux.<\/p>\n<\/div>\n<p><!--more--><br \/>\n<!-- {\"type\":\"layout\",\"children\":[{\"type\":\"section\",\"props\":{\"image_position\":\"center-center\",\"style\":\"default\",\"title_breakpoint\":\"xl\",\"title_position\":\"top-left\",\"title_rotation\":\"left\",\"vertical_align\":\"middle\",\"width\":\"default\"},\"children\":[{\"type\":\"row\",\"children\":[{\"type\":\"column\",\"props\":{\"image_position\":\"center-center\",\"position_sticky_breakpoint\":\"m\"},\"children\":[{\"type\":\"headline\",\"props\":{\"content\":\"\n\n<p>TERMS OF SALE 2024<\\\/p>\",\"text_align\":\"center\",\"title_element\":\"h1\"}}]}]},{\"type\":\"row\",\"children\":[{\"type\":\"column\",\"props\":{\"image_position\":\"center-center\",\"position_sticky_breakpoint\":\"m\"},\"children\":[{\"type\":\"headline\",\"props\":{\"content\":\"\n\n<p>ARTICLE 1 \\u2013 SCOPE OF THE GENERAL CONDITIONS OF SALE<\\\/p>\",\"title_element\":\"h2\",\"title_style\":\"h3\"}},{\"type\":\"text\",\"props\":{\"column_breakpoint\":\"m\",\"content\":\"\n\n<p>These general conditions govern by right all sales of stays made on the site www.camping-des-tourbieres.com. They are an integral part of any contract concluded between the campsite and its customers. Each client acknowledges having read these terms and conditions prior to any reservation of a stay, for him or herself and any person participating in the stay. In accordance with the law in force, these general conditions are made available to any customer for information prior to the conclusion of any contract of sale of stays. They can also be obtained on simple written request addressed to the head office of the establishment.<\\\/p>\",\"margin\":\"default\"}}]}]},{\"type\":\"row\",\"children\":[{\"type\":\"column\",\"props\":{\"image_position\":\"center-center\",\"position_sticky_breakpoint\":\"m\"},\"children\":[{\"type\":\"headline\",\"props\":{\"content\":\"ARTICLE 2 \\u2013 BOOKING CONDITIONS\",\"title_element\":\"h2\",\"title_style\":\"h3\"}},{\"type\":\"headline\",\"props\":{\"content\":\"2.1 PRICE AND PAYMENT\",\"title_element\":\"h3\",\"title_style\":\"h4\"}},{\"type\":\"text\",\"props\":{\"column_breakpoint\":\"m\",\"content\":\"\n\n<p>The price of the stays is indicated in euros, VAT included. The attention of the customer is drawn to the fact that is not included in the price the tourist tax and the Eco-tax. For camping bookings: All rentals are registered and cannot be transferred. The rental becomes effective only with our agreement. The balance of the rental of a bare pitch will be paid 21 days before arrival or the day of arrival if the customer wishes. Your possible absences during your stay will not be taken into account. For rental bookings: Any rental is nominative and cannot be transferred. The rental becomes effective only with our agreement and after receipt of the total amount of the stay and the booking fee. The balance of the rental will be paid 21 days before the start of the stay and a deposit will be requested by credit card or check on the day of arrival. For any unreported delay, the rental\\\/location becomes available 2 hours after the arrival date mentioned on the booking contract. After this period and in the absence of a written message, the reservation will be void and the deposit will remain acquired by the campsite management.<\\\/p>\",\"margin\":\"default\"}},{\"type\":\"headline\",\"props\":{\"content\":\"\n\n<p>2.2 CHANGING YOUR BOOKING<\\\/p>\",\"title_element\":\"h3\",\"title_style\":\"h4\"}},{\"type\":\"text\",\"props\":{\"column_breakpoint\":\"m\",\"content\":\"\n\n<p>The customer can, request the modification of his stay (camping, dates and\\\/ or type of accommodation) on written request to the campsite (mail or email) to the extent of availability and possibilities. No postponement will be accepted on the following season except in case of emergency, then a credit will be established. In the absence of modification, the customer must make his stay in the initial booking conditions or cancel it according to the conditions of the cancellation insurance (CAMPING COUVERT) if subscribed. Any request to increase the length of your stay will be made according to availability and the rates in force. Any request to reduce the length of your stay is considered a partial cancellation and will be subject to cancellation and interruption of stay.<\\\/p>\",\"margin\":\"default\"}},{\"type\":\"headline\",\"props\":{\"content\":\"\n\n<p>2.3 BENEFITS NOT USED<\\\/p>\",\"title_element\":\"h3\",\"title_style\":\"h4\"}},{\"type\":\"text\",\"props\":{\"column_breakpoint\":\"m\",\"content\":\"\n\n<p>Any interrupted or shortened stay (late arrival, early departure) by you will not give rise to refund, except in urgent cases, then a credit note will be established.<\\\/p>\",\"margin\":\"default\"}},{\"type\":\"headline\",\"props\":{\"content\":\"\n\n<p>2.4 CANCELLATION DUE TO PEAT BOG CAMPING<\\\/p>\",\"title_element\":\"h3\",\"title_style\":\"h4\"}},{\"type\":\"text\",\"props\":{\"column_breakpoint\":\"m\",\"content\":\"\n\n<p>In case of cancellation due to Camping Des Tourbi\\u00e8res, except in case of force majeure, the stay will be fully refunded. However, this cancellation may not give rise to the payment of damages.<\\\/p>\",\"margin\":\"default\"}},{\"type\":\"headline\",\"props\":{\"content\":\"\n\n<p>2.5 CANCELLATION BY THE CUSTOMER<\\\/p>\",\"title_element\":\"h3\",\"title_style\":\"h4\"}},{\"type\":\"text\",\"props\":{\"column_breakpoint\":\"m\",\"content\":\"\n\n<p>Camping Des Tourbi\\u00e8res will not refund any deposit. Cancellation fees may be covered by the cancellation guarantees offered by CAMPEZ COUVERT if subscribed. No refund will be made without taking out the guarantee or cancellation insurance. We advise you to take out cancellation insurance. This contract offers you a cancellation guarantee that allows you to obtain a refund of the sums paid in case of cancellation of your stay or early departure under certain conditions (illness, accident, etc.). Insurance rates: Camping pitch: 3.5% of the total stay Gite, chalets, huts, Safari and Wood tents: 3.5% of the total stay <\\\/p>\",\"margin\":\"default\"}}]}]},{\"type\":\"row\",\"children\":[{\"type\":\"column\",\"props\":{\"image_position\":\"center-center\",\"position_sticky_breakpoint\":\"m\"},\"children\":[{\"type\":\"headline\",\"props\":{\"content\":\"\n\n<p>ARTICLE 3 \\u2013 CONDUCT OF THE STAY <\\\/p>\",\"title_element\":\"h2\",\"title_style\":\"h3\"}},{\"type\":\"headline\",\"props\":{\"content\":\"\n\n<p>3.1 ARRIVALS AND DEPARTURES<\\\/p>\",\"title_element\":\"h2\",\"title_style\":\"h4\"}},{\"type\":\"text\",\"props\":{\"column_breakpoint\":\"m\",\"content\":\"\n\n<p>For rent: arrivals are from 4 pm, departures are before 12 pm<br \\\/>On site: arrivals are from 4pm, departures are before 2pm<\\\/p>\",\"margin\":\"default\"}},{\"type\":\"headline\",\"props\":{\"content\":\"\n\n<p>3.2 SURETY<\\\/p>\",\"title_element\":\"h2\",\"title_style\":\"h4\"}},{\"type\":\"text\",\"props\":{\"column_breakpoint\":\"m\",\"content\":\"\n\n<p>A deposit of 200 euros for the huts and tents, 500 euros for the cottages and chalets, will be required on the day of arrival. This deposit also takes into account the guarantee of the perfect condition of the accommodation as well as the cleaning carried out in case you have not subscribed to a cleaning package. It will be refunded on the day of your departure, during the opening hours of the cash register, after an inventory. The bill of possible damages will be added to the price of the stay as well as cleaning if you do not leave the accommodation in a state of perfect cleanliness. If you cannot be present at the inventory, the deposit will be returned to you by mail. <\\\/p>\",\"margin\":\"default\"}},{\"type\":\"headline\",\"props\":{\"content\":\"\n\n<p>3.3 LEAVING<\\\/p>\",\"title_element\":\"h2\",\"title_style\":\"h4\"}},{\"type\":\"text\",\"props\":{\"column_breakpoint\":\"m\",\"content\":\"\n\n<p>Any return of key or release of the site after 12:00 or 14:00 entails the billing of an additional night. Any extension of stay must be made at least 24 hours before the scheduled departure date. <\\\/p>\",\"margin\":\"default\"}},{\"type\":\"headline\",\"props\":{\"content\":\"\n\n<p>3.4 ANIMALS<\\\/p>\",\"title_element\":\"h2\",\"title_style\":\"h4\"}},{\"type\":\"text\",\"props\":{\"column_breakpoint\":\"m\",\"content\":\"\n\n<p>Pets declared at the time of booking (dog, cat) are allowed inside the rentals, except dogs of 1st and 2nd category. They must be kept on a leash at all times inside the campsite. They are prohibited near the pool and inside collective buildings. The vaccination record for dogs and cats must be up to date. <\\\/p>\",\"margin\":\"default\"}},{\"type\":\"headline\",\"props\":{\"content\":\"\n\n<p>3.5 RULES OF PROCEDURE<\\\/p>\",\"title_element\":\"h2\",\"title_style\":\"h4\"}},{\"type\":\"text\",\"props\":{\"column_breakpoint\":\"m\",\"content\":\"\n\n<p>As required by law, you must adhere to our internal rules, deposited at the prefecture, posted at our reception and a copy will be given to you on request. <\\\/p>\",\"margin\":\"default\"}}]}]},{\"type\":\"row\",\"children\":[{\"type\":\"column\",\"props\":{\"image_position\":\"center-center\",\"position_sticky_breakpoint\":\"m\"},\"children\":[{\"type\":\"headline\",\"props\":{\"content\":\"\n\n<p>ARTICLE 4 \\u2013 IMAGE RIGHTS<\\\/p>\",\"title_element\":\"h2\",\"title_style\":\"h3\"}},{\"type\":\"text\",\"props\":{\"column_breakpoint\":\"m\",\"content\":\"\n\n<p>You authorize Camping Le Petit Lion Des Tourbi\\u00e8res, as well as any person that Le Petit Lion Des Tourbi\\u00e8res would like to replace, to photograph, record or film you during your stay at Camping Des Tourbi\\u00e8res and to exploit the said images, sounds, videos and recordings on any medium (in particular on the website, facebook page, instagram, on all presentation and promotion media of Camping Des Tourbi\\u00e8res). This permission applies both to you and to the people staying with you. Its sole purpose is to ensure the promotion and animation of the establishment and will not in any way damage your reputation. This authorization is granted free of charge for all countries and for a period of 5 years.<\\\/p>\",\"margin\":\"default\"}}]}]},{\"type\":\"row\",\"children\":[{\"type\":\"column\",\"props\":{\"image_position\":\"center-center\",\"position_sticky_breakpoint\":\"m\"},\"children\":[{\"type\":\"headline\",\"props\":{\"content\":\"\n\n<p>ARTICLE 5 \\u2013 LIABILITY<\\\/p>\",\"title_element\":\"h2\",\"title_style\":\"h3\"}},{\"type\":\"text\",\"props\":{\"column_breakpoint\":\"m\",\"content\":\"\n\n<p>Camping Des Tourbi\\u00e8res declines all responsibility for damages suffered by the camper-caravan equipment that would be of its own volition; insurance for your equipment in terms of civil liability is mandatory (FFCC, ANWB, ADAC, etc.).<\\\/p>\",\"margin\":\"default\"}}]}]},{\"type\":\"row\",\"children\":[{\"type\":\"column\",\"props\":{\"image_position\":\"center-center\",\"position_sticky_breakpoint\":\"m\"},\"children\":[{\"type\":\"headline\",\"props\":{\"content\":\"\n\n<p>ARTICLE 6 \\u2013 APPLICABLE LAW<\\\/p>\",\"title_element\":\"h2\",\"title_style\":\"h3\"}},{\"type\":\"text\",\"props\":{\"column_breakpoint\":\"m\",\"content\":\"\n\n<p>These general conditions are subject to French law and any dispute relating to their application falls within the jurisdiction of the Tribunal de grande instance or the commercial court of P\\u00e9rigueux.<\\\/p>\",\"margin\":\"default\"}}]}]}]}],\"version\":\"4.3.10\"} --><\/p>\n","protected":false},"excerpt":{"rendered":"<p>TERMS OF SALE 2024 ARTICLE 1 \u2013 SCOPE OF THE GENERAL CONDITIONS OF SALE These general conditions govern by right all sales of stays made on the site www.camping-des-tourbieres.com. They are an integral part of any contract concluded between the campsite and its customers. Each client acknowledges having read these terms and conditions prior to [&hellip;]<\/p>\n","protected":false},"author":1,"featured_media":0,"parent":0,"menu_order":0,"comment_status":"closed","ping_status":"closed","template":"","meta":{"footnotes":""},"class_list":["post-2887","page","type-page","status-publish","hentry"],"yoast_head":"<!-- This site is optimized with the Yoast SEO plugin v27.6 - https:\/\/yoast.com\/product\/yoast-seo-wordpress\/ -->\n<title>GENERAL TERMS AND CONDITIONS OF SALE - Camping des Tourbi\u00e8res<\/title>\n<meta name=\"robots\" content=\"index, follow, max-snippet:-1, max-image-preview:large, max-video-preview:-1\" \/>\n<link rel=\"canonical\" href=\"https:\/\/www.camping-des-tourbieres.com\/en\/general-terms-and-conditions-of-sale\/\" \/>\n<meta property=\"og:locale\" content=\"en_US\" \/>\n<meta property=\"og:type\" content=\"article\" \/>\n<meta property=\"og:title\" content=\"GENERAL TERMS AND CONDITIONS OF SALE - Camping des Tourbi\u00e8res\" \/>\n<meta property=\"og:description\" content=\"TERMS OF SALE 2024 ARTICLE 1 \u2013 SCOPE OF THE GENERAL CONDITIONS OF SALE These general conditions govern by right all sales of stays made on the site www.camping-des-tourbieres.com. They are an integral part of any contract concluded between the campsite and its customers. Each client acknowledges having read these terms and conditions prior to [&hellip;]\" \/>\n<meta property=\"og:url\" content=\"https:\/\/www.camping-des-tourbieres.com\/en\/general-terms-and-conditions-of-sale\/\" \/>\n<meta property=\"og:site_name\" content=\"Camping des Tourbi\u00e8res\" \/>\n<meta property=\"article:modified_time\" content=\"2024-04-23T09:08:15+00:00\" \/>\n<meta name=\"twitter:card\" content=\"summary_large_image\" \/>\n<meta name=\"twitter:label1\" content=\"Est. reading time\" \/>\n\t<meta name=\"twitter:data1\" content=\"6 minutes\" \/>\n<script type=\"application\/ld+json\" class=\"yoast-schema-graph\">{\"@context\":\"https:\\\/\\\/schema.org\",\"@graph\":[{\"@type\":\"WebPage\",\"@id\":\"https:\\\/\\\/www.camping-des-tourbieres.com\\\/en\\\/general-terms-and-conditions-of-sale\\\/\",\"url\":\"https:\\\/\\\/www.camping-des-tourbieres.com\\\/en\\\/general-terms-and-conditions-of-sale\\\/\",\"name\":\"GENERAL TERMS AND CONDITIONS OF SALE - Camping des Tourbi\u00e8res\",\"isPartOf\":{\"@id\":\"https:\\\/\\\/www.camping-des-tourbieres.com\\\/en\\\/#website\"},\"datePublished\":\"2023-12-20T08:45:27+00:00\",\"dateModified\":\"2024-04-23T09:08:15+00:00\",\"inLanguage\":\"en-US\",\"potentialAction\":[{\"@type\":\"ReadAction\",\"target\":[\"https:\\\/\\\/www.camping-des-tourbieres.com\\\/en\\\/general-terms-and-conditions-of-sale\\\/\"]}]},{\"@type\":\"WebSite\",\"@id\":\"https:\\\/\\\/www.camping-des-tourbieres.com\\\/en\\\/#website\",\"url\":\"https:\\\/\\\/www.camping-des-tourbieres.com\\\/en\\\/\",\"name\":\"Camping des Tourbi\u00e8res\",\"description\":\"\",\"potentialAction\":[{\"@type\":\"SearchAction\",\"target\":{\"@type\":\"EntryPoint\",\"urlTemplate\":\"https:\\\/\\\/www.camping-des-tourbieres.com\\\/en\\\/?s={search_term_string}\"},\"query-input\":{\"@type\":\"PropertyValueSpecification\",\"valueRequired\":true,\"valueName\":\"search_term_string\"}}],\"inLanguage\":\"en-US\"}]}<\/script>\n<!-- \/ Yoast SEO plugin. -->","yoast_head_json":{"title":"GENERAL TERMS AND CONDITIONS OF SALE - Camping des Tourbi\u00e8res","robots":{"index":"index","follow":"follow","max-snippet":"max-snippet:-1","max-image-preview":"max-image-preview:large","max-video-preview":"max-video-preview:-1"},"canonical":"https:\/\/www.camping-des-tourbieres.com\/en\/general-terms-and-conditions-of-sale\/","og_locale":"en_US","og_type":"article","og_title":"GENERAL TERMS AND CONDITIONS OF SALE - Camping des Tourbi\u00e8res","og_description":"TERMS OF SALE 2024 ARTICLE 1 \u2013 SCOPE OF THE GENERAL CONDITIONS OF SALE These general conditions govern by right all sales of stays made on the site www.camping-des-tourbieres.com. They are an integral part of any contract concluded between the campsite and its customers. Each client acknowledges having read these terms and conditions prior to [&hellip;]","og_url":"https:\/\/www.camping-des-tourbieres.com\/en\/general-terms-and-conditions-of-sale\/","og_site_name":"Camping des Tourbi\u00e8res","article_modified_time":"2024-04-23T09:08:15+00:00","twitter_card":"summary_large_image","twitter_misc":{"Est. reading time":"6 minutes"},"schema":{"@context":"https:\/\/schema.org","@graph":[{"@type":"WebPage","@id":"https:\/\/www.camping-des-tourbieres.com\/en\/general-terms-and-conditions-of-sale\/","url":"https:\/\/www.camping-des-tourbieres.com\/en\/general-terms-and-conditions-of-sale\/","name":"GENERAL TERMS AND CONDITIONS OF SALE - Camping des Tourbi\u00e8res","isPartOf":{"@id":"https:\/\/www.camping-des-tourbieres.com\/en\/#website"},"datePublished":"2023-12-20T08:45:27+00:00","dateModified":"2024-04-23T09:08:15+00:00","inLanguage":"en-US","potentialAction":[{"@type":"ReadAction","target":["https:\/\/www.camping-des-tourbieres.com\/en\/general-terms-and-conditions-of-sale\/"]}]},{"@type":"WebSite","@id":"https:\/\/www.camping-des-tourbieres.com\/en\/#website","url":"https:\/\/www.camping-des-tourbieres.com\/en\/","name":"Camping des Tourbi\u00e8res","description":"","potentialAction":[{"@type":"SearchAction","target":{"@type":"EntryPoint","urlTemplate":"https:\/\/www.camping-des-tourbieres.com\/en\/?s={search_term_string}"},"query-input":{"@type":"PropertyValueSpecification","valueRequired":true,"valueName":"search_term_string"}}],"inLanguage":"en-US"}]}},"_links":{"self":[{"href":"https:\/\/www.camping-des-tourbieres.com\/en\/wp-json\/wp\/v2\/pages\/2887","targetHints":{"allow":["GET"]}}],"collection":[{"href":"https:\/\/www.camping-des-tourbieres.com\/en\/wp-json\/wp\/v2\/pages"}],"about":[{"href":"https:\/\/www.camping-des-tourbieres.com\/en\/wp-json\/wp\/v2\/types\/page"}],"author":[{"embeddable":true,"href":"https:\/\/www.camping-des-tourbieres.com\/en\/wp-json\/wp\/v2\/users\/1"}],"replies":[{"embeddable":true,"href":"https:\/\/www.camping-des-tourbieres.com\/en\/wp-json\/wp\/v2\/comments?post=2887"}],"version-history":[{"count":6,"href":"https:\/\/www.camping-des-tourbieres.com\/en\/wp-json\/wp\/v2\/pages\/2887\/revisions"}],"predecessor-version":[{"id":3536,"href":"https:\/\/www.camping-des-tourbieres.com\/en\/wp-json\/wp\/v2\/pages\/2887\/revisions\/3536"}],"wp:attachment":[{"href":"https:\/\/www.camping-des-tourbieres.com\/en\/wp-json\/wp\/v2\/media?parent=2887"}],"curies":[{"name":"wp","href":"https:\/\/api.w.org\/{rel}","templated":true}]}}